{"id":1103,"date":"2022-01-26T22:08:20","date_gmt":"2022-01-26T21:08:20","guid":{"rendered":"http:\/\/www.mouhet.fr\/?page_id=1103"},"modified":"2022-11-22T14:07:23","modified_gmt":"2022-11-22T13:07:23","slug":"cimetiere-columbarium","status":"publish","type":"page","link":"https:\/\/mouhet.fr\/?page_id=1103","title":{"rendered":"D\u00e9c\u00e8s &#8211; Cimeti\u00e8re &#8211; Columbarium"},"content":{"rendered":"\n<p>D\u00e9c\u00e8s<\/p>\n\n\n\n<p>Pour une d\u00e9claration de d\u00e9c\u00e8s sur la commune, la personne doit d&rsquo;abord constater le d\u00e9c\u00e8s puis le d\u00e9clarer. Le m\u00e9decin d\u00e9livre un certificat de d\u00e9c\u00e8s, sauf en cas de mort violente (accident, suicide&#8230;) o\u00f9 il faudra pr\u00e9venir la police ou la gendarmerie. Les d\u00e9marches pour d\u00e9clarer le d\u00e9c\u00e8s se font aupr\u00e8s de la mairie du lieu de d\u00e9c\u00e8s. Il faut alors pr\u00e9senter une pi\u00e8ce prouvant l&rsquo;identit\u00e9 du d\u00e9clarant, le livret de famille, la carte d&rsquo;identit\u00e9, l&rsquo;acte de naissance ou mariage et le certificat de d\u00e9c\u00e8s d\u00e9livr\u00e9 par le m\u00e9decin, police ou gendarmerie, du d\u00e9funt.<\/p>\n\n\n\n<p>Cimeti\u00e8re &#8211; Columbarium<\/p>\n\n\n\n<p>Les places dans le nouveau cimeti\u00e8re sont attribu\u00e9es par la mairie en fonction du choix de caveau ou de tombe. Il en est de m\u00eame pour le columbarium. Les tarifs sont \u00e0 disposition \u00e0 la mairie.<\/p>\n","protected":false},"excerpt":{"rendered":"<p>D\u00e9c\u00e8s Pour une d\u00e9claration de d\u00e9c\u00e8s sur la commune, la personne doit d&rsquo;abord constater le d\u00e9c\u00e8s puis le d\u00e9clarer. Le m\u00e9decin d\u00e9livre un certificat de d\u00e9c\u00e8s, sauf en cas de mort violente (accident, suicide&#8230;) o\u00f9 il faudra pr\u00e9venir la police ou la gendarmerie. Les d\u00e9marches pour d\u00e9clarer le d\u00e9c\u00e8s se font aupr\u00e8s de la mairie [&hellip;]<\/p>\n","protected":false},"author":4,"featured_media":0,"parent":0,"menu_order":0,"comment_status":"closed","ping_status":"closed","template":"","meta":{"footnotes":""},"class_list":["post-1103","page","type-page","status-publish","hentry"],"_links":{"self":[{"href":"https:\/\/mouhet.fr\/index.php?rest_route=\/wp\/v2\/pages\/1103","targetHints":{"allow":["GET"]}}],"collection":[{"href":"https:\/\/mouhet.fr\/index.php?rest_route=\/wp\/v2\/pages"}],"about":[{"href":"https:\/\/mouhet.fr\/index.php?rest_route=\/wp\/v2\/types\/page"}],"author":[{"embeddable":true,"href":"https:\/\/mouhet.fr\/index.php?rest_route=\/wp\/v2\/users\/4"}],"replies":[{"embeddable":true,"href":"https:\/\/mouhet.fr\/index.php?rest_route=%2Fwp%2Fv2%2Fcomments&post=1103"}],"version-history":[{"count":2,"href":"https:\/\/mouhet.fr\/index.php?rest_route=\/wp\/v2\/pages\/1103\/revisions"}],"predecessor-version":[{"id":1425,"href":"https:\/\/mouhet.fr\/index.php?rest_route=\/wp\/v2\/pages\/1103\/revisions\/1425"}],"wp:attachment":[{"href":"https:\/\/mouhet.fr\/index.php?rest_route=%2Fwp%2Fv2%2Fmedia&parent=1103"}],"curies":[{"name":"wp","href":"https:\/\/api.w.org\/{rel}","templated":true}]}}