{"id":1105,"date":"2022-01-26T22:08:53","date_gmt":"2022-01-26T21:08:53","guid":{"rendered":"http:\/\/www.mouhet.fr\/?page_id=1105"},"modified":"2026-03-05T14:30:29","modified_gmt":"2026-03-05T13:30:29","slug":"decheterie-symctom","status":"publish","type":"page","link":"https:\/\/mouhet.fr\/?page_id=1105","title":{"rendered":"SYMCTOM &#8211; Ordures M\u00e9nag\u00e8res &#8211; D\u00e9ch\u00e9teries"},"content":{"rendered":"\n<p><img loading=\"lazy\" decoding=\"async\" height=\"16\" width=\"16\" alt=\"\ud83d\udcd8\" src=\"https:\/\/static.xx.fbcdn.net\/images\/emoji.php\/v9\/ta0\/1\/16\/1f4d8.png\"> Guide Redevance Incitative \u2013 SYMCTOM<\/p>\n\n\n\n<p>Le <a><\/a>Guide de la Redevance Incitative \u00e0 destination des habitants du SYMCTOM est d\u00e9sormais disponible.<\/p>\n\n\n\n<p>Il vous permet de tout comprendre sur ce nouveau syst\u00e8me de facturation :<\/p>\n\n\n\n<p><img loading=\"lazy\" decoding=\"async\" height=\"16\" width=\"16\" alt=\"\u27a1\ufe0f\" src=\"https:\/\/static.xx.fbcdn.net\/images\/emoji.php\/v9\/t9e\/1\/16\/27a1.png\"> son fonctionnement<\/p>\n\n\n\n<p><img loading=\"lazy\" decoding=\"async\" height=\"16\" width=\"16\" alt=\"\u27a1\ufe0f\" src=\"https:\/\/static.xx.fbcdn.net\/images\/emoji.php\/v9\/t9e\/1\/16\/27a1.png\"> son mode de facturation<\/p>\n\n\n\n<p><img loading=\"lazy\" decoding=\"async\" height=\"16\" width=\"16\" alt=\"\u27a1\ufe0f\" src=\"https:\/\/static.xx.fbcdn.net\/images\/emoji.php\/v9\/t9e\/1\/16\/27a1.png\"> ses tarifs<\/p>\n\n\n\n<hr class=\"wp-block-separator has-alpha-channel-opacity\"\/>\n\n\n\n<figure class=\"wp-block-image size-large\"><img loading=\"lazy\" decoding=\"async\" width=\"1024\" height=\"426\" src=\"https:\/\/mouhet.fr\/wp-content\/uploads\/2026\/03\/hdtrasimier26-1024x426.png\" alt=\"\" class=\"wp-image-3569\" srcset=\"https:\/\/mouhet.fr\/wp-content\/uploads\/2026\/03\/hdtrasimier26-1024x426.png 1024w, https:\/\/mouhet.fr\/wp-content\/uploads\/2026\/03\/hdtrasimier26-300x125.png 300w, https:\/\/mouhet.fr\/wp-content\/uploads\/2026\/03\/hdtrasimier26-768x319.png 768w, https:\/\/mouhet.fr\/wp-content\/uploads\/2026\/03\/hdtrasimier26-1536x638.png 1536w, https:\/\/mouhet.fr\/wp-content\/uploads\/2026\/03\/hdtrasimier26.png 1795w\" sizes=\"auto, (max-width: 1024px) 100vw, 1024px\" \/><\/figure>\n\n\n\n<hr class=\"wp-block-separator has-alpha-channel-opacity\"\/>\n\n\n\n<p><img loading=\"lazy\" decoding=\"async\" height=\"16\" width=\"16\" src=\"https:\/\/static.xx.fbcdn.net\/images\/emoji.php\/v9\/tb3\/1\/16\/1f517.png\" alt=\"\ud83d\udd17\"> Consultez le guide en ligne : <a href=\"https:\/\/mouhet.fr\/wp-content\/uploads\/2026\/01\/guideRI.pdf\" data-type=\"attachment\" data-id=\"2969\" target=\"_blank\" rel=\"noreferrer noopener\">guideRI<\/a><\/p>\n\n\n<div class=\"wp-block-image\">\n<figure class=\"aligncenter size-large\"><img loading=\"lazy\" decoding=\"async\" width=\"724\" height=\"1024\" src=\"https:\/\/mouhet.fr\/wp-content\/uploads\/2025\/12\/605618906_881029281105546_5310565206104032717_n-724x1024.jpg\" alt=\"\" class=\"wp-image-2908\" srcset=\"https:\/\/mouhet.fr\/wp-content\/uploads\/2025\/12\/605618906_881029281105546_5310565206104032717_n-724x1024.jpg 724w, https:\/\/mouhet.fr\/wp-content\/uploads\/2025\/12\/605618906_881029281105546_5310565206104032717_n-212x300.jpg 212w, https:\/\/mouhet.fr\/wp-content\/uploads\/2025\/12\/605618906_881029281105546_5310565206104032717_n-768x1086.jpg 768w, https:\/\/mouhet.fr\/wp-content\/uploads\/2025\/12\/605618906_881029281105546_5310565206104032717_n-1086x1536.jpg 1086w, https:\/\/mouhet.fr\/wp-content\/uploads\/2025\/12\/605618906_881029281105546_5310565206104032717_n.jpg 1241w\" sizes=\"auto, (max-width: 724px) 100vw, 724px\" \/><\/figure>\n<\/div>\n\n\n<div data-wp-interactive=\"core\/file\" class=\"wp-block-file\"><object data-wp-bind--hidden=\"!state.hasPdfPreview\" hidden class=\"wp-block-file__embed\" data=\"https:\/\/mouhet.fr\/wp-content\/uploads\/2026\/02\/Lettre-information-Symctom.pdf\" type=\"application\/pdf\" style=\"width:100%;height:600px\" aria-label=\"Contenu embarqu\u00e9 Lettre information Symctom.\"><\/object><a id=\"wp-block-file--media-c33487de-7287-4166-b732-694e298c2dd1\" href=\"https:\/\/mouhet.fr\/wp-content\/uploads\/2026\/02\/Lettre-information-Symctom.pdf\">Lettre information Symctom<\/a><a href=\"https:\/\/mouhet.fr\/wp-content\/uploads\/2026\/02\/Lettre-information-Symctom.pdf\" class=\"wp-block-file__button wp-element-button\" download aria-describedby=\"wp-block-file--media-c33487de-7287-4166-b732-694e298c2dd1\">T\u00e9l\u00e9charger<\/a><\/div>\n\n\n\n<hr class=\"wp-block-separator has-alpha-channel-opacity\"\/>\n\n\n\n<p><strong>Calendrier collecte 2026 &#8211; Memo Tri :<\/strong><\/p>\n\n\n\n<figure class=\"wp-block-image size-large\"><img loading=\"lazy\" decoding=\"async\" width=\"1024\" height=\"724\" src=\"https:\/\/mouhet.fr\/wp-content\/uploads\/2026\/01\/calendrier-symctom-2026-1024x724.jpg\" alt=\"\" class=\"wp-image-2962\" srcset=\"https:\/\/mouhet.fr\/wp-content\/uploads\/2026\/01\/calendrier-symctom-2026-1024x724.jpg 1024w, https:\/\/mouhet.fr\/wp-content\/uploads\/2026\/01\/calendrier-symctom-2026-300x212.jpg 300w, https:\/\/mouhet.fr\/wp-content\/uploads\/2026\/01\/calendrier-symctom-2026-768x543.jpg 768w, https:\/\/mouhet.fr\/wp-content\/uploads\/2026\/01\/calendrier-symctom-2026-1536x1086.jpg 1536w, https:\/\/mouhet.fr\/wp-content\/uploads\/2026\/01\/calendrier-symctom-2026-2048x1448.jpg 2048w\" sizes=\"auto, (max-width: 1024px) 100vw, 1024px\" \/><\/figure>\n\n\n\n<p><strong>M\u00e9mo pour trier vos d\u00e9chets sans faire d&rsquo;erreur  et d\u00e9ch\u00e8terie:<\/strong><\/p>\n\n\n<div class=\"wp-block-image\">\n<figure class=\"aligncenter size-large\"><img loading=\"lazy\" decoding=\"async\" width=\"1024\" height=\"724\" src=\"https:\/\/mouhet.fr\/wp-content\/uploads\/2026\/01\/memo-tri-1024x724.jpg\" alt=\"\" class=\"wp-image-2968\" srcset=\"https:\/\/mouhet.fr\/wp-content\/uploads\/2026\/01\/memo-tri-1024x724.jpg 1024w, https:\/\/mouhet.fr\/wp-content\/uploads\/2026\/01\/memo-tri-300x212.jpg 300w, https:\/\/mouhet.fr\/wp-content\/uploads\/2026\/01\/memo-tri-768x543.jpg 768w, https:\/\/mouhet.fr\/wp-content\/uploads\/2026\/01\/memo-tri-1536x1086.jpg 1536w, https:\/\/mouhet.fr\/wp-content\/uploads\/2026\/01\/memo-tri-2048x1448.jpg 2048w\" sizes=\"auto, (max-width: 1024px) 100vw, 1024px\" \/><\/figure>\n<\/div>\n\n\n<figure class=\"wp-block-image size-large\"><img loading=\"lazy\" decoding=\"async\" width=\"350\" height=\"1024\" src=\"https:\/\/mouhet.fr\/wp-content\/uploads\/2025\/07\/memotri-decheterie-350x1024.jpg\" alt=\"\" class=\"wp-image-2362\" srcset=\"https:\/\/mouhet.fr\/wp-content\/uploads\/2025\/07\/memotri-decheterie-350x1024.jpg 350w, https:\/\/mouhet.fr\/wp-content\/uploads\/2025\/07\/memotri-decheterie-103x300.jpg 103w, https:\/\/mouhet.fr\/wp-content\/uploads\/2025\/07\/memotri-decheterie-768x2246.jpg 768w, https:\/\/mouhet.fr\/wp-content\/uploads\/2025\/07\/memotri-decheterie-525x1536.jpg 525w, https:\/\/mouhet.fr\/wp-content\/uploads\/2025\/07\/memotri-decheterie-700x2048.jpg 700w, https:\/\/mouhet.fr\/wp-content\/uploads\/2025\/07\/memotri-decheterie-scaled.jpg 875w\" sizes=\"auto, (max-width: 350px) 100vw, 350px\" \/><\/figure>\n\n\n\n<p><\/p>\n\n\n\n<p><strong>Vous pouvez \u00e9galement vous rendre sur le site de Symctom si vous souhaitez davantage d&rsquo;informations sur le traitement de vos d\u00e9ch\u00e8ts.<\/strong> <strong><a rel=\"noreferrer noopener\" href=\"http:\/\/symctomleblanc.fr\" target=\"_blank\">http:\/\/symctomleblanc.fr<\/a><\/strong><\/p>\n","protected":false},"excerpt":{"rendered":"<p>Guide Redevance Incitative \u2013 SYMCTOM Le Guide de la Redevance Incitative \u00e0 destination des habitants du SYMCTOM est d\u00e9sormais disponible. Il vous permet de tout comprendre sur ce nouveau syst\u00e8me de facturation : son fonctionnement son mode de facturation ses tarifs Consultez le guide en ligne : guideRI Calendrier collecte 2026 &#8211; Memo Tri : [&hellip;]<\/p>\n","protected":false},"author":4,"featured_media":0,"parent":0,"menu_order":0,"comment_status":"closed","ping_status":"closed","template":"","meta":{"footnotes":""},"class_list":["post-1105","page","type-page","status-publish","hentry"],"_links":{"self":[{"href":"https:\/\/mouhet.fr\/index.php?rest_route=\/wp\/v2\/pages\/1105","targetHints":{"allow":["GET"]}}],"collection":[{"href":"https:\/\/mouhet.fr\/index.php?rest_route=\/wp\/v2\/pages"}],"about":[{"href":"https:\/\/mouhet.fr\/index.php?rest_route=\/wp\/v2\/types\/page"}],"author":[{"embeddable":true,"href":"https:\/\/mouhet.fr\/index.php?rest_route=\/wp\/v2\/users\/4"}],"replies":[{"embeddable":true,"href":"https:\/\/mouhet.fr\/index.php?rest_route=%2Fwp%2Fv2%2Fcomments&post=1105"}],"version-history":[{"count":21,"href":"https:\/\/mouhet.fr\/index.php?rest_route=\/wp\/v2\/pages\/1105\/revisions"}],"predecessor-version":[{"id":3571,"href":"https:\/\/mouhet.fr\/index.php?rest_route=\/wp\/v2\/pages\/1105\/revisions\/3571"}],"wp:attachment":[{"href":"https:\/\/mouhet.fr\/index.php?rest_route=%2Fwp%2Fv2%2Fmedia&parent=1105"}],"curies":[{"name":"wp","href":"https:\/\/api.w.org\/{rel}","templated":true}]}}