{"id":1129,"date":"2022-01-26T22:35:10","date_gmt":"2022-01-26T21:35:10","guid":{"rendered":"http:\/\/www.mouhet.fr\/?page_id=1129"},"modified":"2026-01-22T12:21:59","modified_gmt":"2026-01-22T11:21:59","slug":"lagence-postale","status":"publish","type":"page","link":"https:\/\/mouhet.fr\/?page_id=1129","title":{"rendered":"L&rsquo;Agence Postale Communale"},"content":{"rendered":"\n<p><strong>L\u2019Agence Postale Communale (APC) permet aux habitants d\u2019effectuer leurs op\u00e9rations postales courantes dans un lieu pratique o\u00f9 ils acc\u00e8dent en m\u00eame temps \u00e0 d\u2019autres services<\/strong>. Ce service est g\u00e9r\u00e9 en partenariat avec la municipalit\u00e9<\/p>\n\n\n\n<div class=\"wp-block-media-text alignwide has-media-on-the-right is-stacked-on-mobile\"><div class=\"wp-block-media-text__content\">\n<p class=\"has-large-font-size\">Les services courants de la poste tel que :<\/p>\n\n\n\n<p><\/p>\n\n\n\n<ul class=\"wp-block-list\">\n<li>Les envois de lettres, colis<\/li>\n\n\n\n<li>Les d\u00e9p\u00f4ts et retrait d&rsquo;argent<\/li>\n<\/ul>\n\n\n\n<p><\/p>\n<\/div><figure class=\"wp-block-media-text__media\"><img loading=\"lazy\" decoding=\"async\" width=\"1024\" height=\"768\" src=\"https:\/\/mouhet.fr\/wp-content\/uploads\/2022\/01\/20211015_111205-1-1024x768.jpg\" alt=\"\" class=\"wp-image-1139 size-full\" srcset=\"https:\/\/mouhet.fr\/wp-content\/uploads\/2022\/01\/20211015_111205-1-1024x768.jpg 1024w, https:\/\/mouhet.fr\/wp-content\/uploads\/2022\/01\/20211015_111205-1-300x225.jpg 300w, https:\/\/mouhet.fr\/wp-content\/uploads\/2022\/01\/20211015_111205-1-768x576.jpg 768w, https:\/\/mouhet.fr\/wp-content\/uploads\/2022\/01\/20211015_111205-1-1536x1152.jpg 1536w, https:\/\/mouhet.fr\/wp-content\/uploads\/2022\/01\/20211015_111205-1-2048x1536.jpg 2048w\" sizes=\"auto, (max-width: 1024px) 100vw, 1024px\" \/><\/figure><\/div>\n\n\n\n<p>Num\u00e9ro de t\u00e9l\u00e9phone : 02 54 47 56 18<\/p>\n\n\n\n<figure class=\"wp-block-gallery has-nested-images columns-default is-cropped wp-block-gallery-1 is-layout-flex wp-block-gallery-is-layout-flex\">\n<figure class=\"wp-block-image size-large\"><img loading=\"lazy\" decoding=\"async\" width=\"1024\" height=\"768\" data-id=\"1130\" src=\"https:\/\/mouhet.fr\/wp-content\/uploads\/2022\/01\/20211015_111006-1024x768.jpg\" alt=\"\" class=\"wp-image-1130\" srcset=\"https:\/\/mouhet.fr\/wp-content\/uploads\/2022\/01\/20211015_111006-1024x768.jpg 1024w, https:\/\/mouhet.fr\/wp-content\/uploads\/2022\/01\/20211015_111006-300x225.jpg 300w, https:\/\/mouhet.fr\/wp-content\/uploads\/2022\/01\/20211015_111006-768x576.jpg 768w, https:\/\/mouhet.fr\/wp-content\/uploads\/2022\/01\/20211015_111006-1536x1152.jpg 1536w, https:\/\/mouhet.fr\/wp-content\/uploads\/2022\/01\/20211015_111006-2048x1536.jpg 2048w\" sizes=\"auto, (max-width: 1024px) 100vw, 1024px\" \/><\/figure>\n\n\n\n<figure class=\"wp-block-image size-large\"><img loading=\"lazy\" decoding=\"async\" width=\"768\" height=\"1024\" data-id=\"1131\" src=\"https:\/\/mouhet.fr\/wp-content\/uploads\/2022\/01\/20211015_111018-768x1024.jpg\" alt=\"\" class=\"wp-image-1131\" srcset=\"https:\/\/mouhet.fr\/wp-content\/uploads\/2022\/01\/20211015_111018-768x1024.jpg 768w, https:\/\/mouhet.fr\/wp-content\/uploads\/2022\/01\/20211015_111018-225x300.jpg 225w, https:\/\/mouhet.fr\/wp-content\/uploads\/2022\/01\/20211015_111018-1152x1536.jpg 1152w, https:\/\/mouhet.fr\/wp-content\/uploads\/2022\/01\/20211015_111018-1536x2048.jpg 1536w, https:\/\/mouhet.fr\/wp-content\/uploads\/2022\/01\/20211015_111018-scaled.jpg 1920w\" sizes=\"auto, (max-width: 768px) 100vw, 768px\" \/><\/figure>\n\n\n\n<figure class=\"wp-block-image size-large\"><img loading=\"lazy\" decoding=\"async\" width=\"1024\" height=\"768\" data-id=\"1132\" src=\"https:\/\/mouhet.fr\/wp-content\/uploads\/2022\/01\/20211015_111150-1024x768.jpg\" alt=\"\" class=\"wp-image-1132\" srcset=\"https:\/\/mouhet.fr\/wp-content\/uploads\/2022\/01\/20211015_111150-1024x768.jpg 1024w, https:\/\/mouhet.fr\/wp-content\/uploads\/2022\/01\/20211015_111150-300x225.jpg 300w, https:\/\/mouhet.fr\/wp-content\/uploads\/2022\/01\/20211015_111150-768x576.jpg 768w, https:\/\/mouhet.fr\/wp-content\/uploads\/2022\/01\/20211015_111150-1536x1152.jpg 1536w, https:\/\/mouhet.fr\/wp-content\/uploads\/2022\/01\/20211015_111150-2048x1536.jpg 2048w\" sizes=\"auto, (max-width: 1024px) 100vw, 1024px\" \/><\/figure>\n\n\n\n<figure class=\"wp-block-image size-large\"><img loading=\"lazy\" decoding=\"async\" width=\"680\" height=\"510\" data-id=\"1136\" src=\"https:\/\/mouhet.fr\/wp-content\/uploads\/2022\/01\/Photo-001.jpg\" alt=\"\" class=\"wp-image-1136\" srcset=\"https:\/\/mouhet.fr\/wp-content\/uploads\/2022\/01\/Photo-001.jpg 680w, https:\/\/mouhet.fr\/wp-content\/uploads\/2022\/01\/Photo-001-300x225.jpg 300w\" sizes=\"auto, (max-width: 680px) 100vw, 680px\" \/><\/figure>\n<\/figure>\n\n\n\n<p>Biblioth\u00e8que solidaire pour tous ! <\/p>\n\n\n\n<figure class=\"wp-block-gallery has-nested-images columns-default is-cropped wp-block-gallery-2 is-layout-flex wp-block-gallery-is-layout-flex\">\n<figure class=\"wp-block-image size-large\"><img loading=\"lazy\" decoding=\"async\" width=\"1024\" height=\"768\" data-id=\"1141\" src=\"https:\/\/mouhet.fr\/wp-content\/uploads\/2022\/01\/20211015_110955-1024x768.jpg\" alt=\"\" class=\"wp-image-1141\" srcset=\"https:\/\/mouhet.fr\/wp-content\/uploads\/2022\/01\/20211015_110955-1024x768.jpg 1024w, https:\/\/mouhet.fr\/wp-content\/uploads\/2022\/01\/20211015_110955-300x225.jpg 300w, https:\/\/mouhet.fr\/wp-content\/uploads\/2022\/01\/20211015_110955-768x576.jpg 768w, https:\/\/mouhet.fr\/wp-content\/uploads\/2022\/01\/20211015_110955-1536x1152.jpg 1536w, https:\/\/mouhet.fr\/wp-content\/uploads\/2022\/01\/20211015_110955-2048x1536.jpg 2048w\" sizes=\"auto, (max-width: 1024px) 100vw, 1024px\" \/><\/figure>\n\n\n\n<figure class=\"wp-block-image size-large\"><img loading=\"lazy\" decoding=\"async\" width=\"1024\" height=\"768\" data-id=\"1142\" src=\"https:\/\/mouhet.fr\/wp-content\/uploads\/2022\/01\/20211015_105514-1024x768.jpg\" alt=\"\" class=\"wp-image-1142\" srcset=\"https:\/\/mouhet.fr\/wp-content\/uploads\/2022\/01\/20211015_105514-1024x768.jpg 1024w, https:\/\/mouhet.fr\/wp-content\/uploads\/2022\/01\/20211015_105514-300x225.jpg 300w, https:\/\/mouhet.fr\/wp-content\/uploads\/2022\/01\/20211015_105514-768x576.jpg 768w, https:\/\/mouhet.fr\/wp-content\/uploads\/2022\/01\/20211015_105514-1536x1152.jpg 1536w, https:\/\/mouhet.fr\/wp-content\/uploads\/2022\/01\/20211015_105514-2048x1536.jpg 2048w\" sizes=\"auto, (max-width: 1024px) 100vw, 1024px\" \/><\/figure>\n<\/figure>\n\n\n\n<figure class=\"wp-block-image size-large\"><img loading=\"lazy\" decoding=\"async\" width=\"724\" height=\"1024\" src=\"https:\/\/mouhet.fr\/wp-content\/uploads\/2026\/01\/doc00113620260122120911_001-724x1024.jpg\" alt=\"\" class=\"wp-image-2930\" srcset=\"https:\/\/mouhet.fr\/wp-content\/uploads\/2026\/01\/doc00113620260122120911_001-724x1024.jpg 724w, https:\/\/mouhet.fr\/wp-content\/uploads\/2026\/01\/doc00113620260122120911_001-212x300.jpg 212w, https:\/\/mouhet.fr\/wp-content\/uploads\/2026\/01\/doc00113620260122120911_001-768x1086.jpg 768w, https:\/\/mouhet.fr\/wp-content\/uploads\/2026\/01\/doc00113620260122120911_001-1086x1536.jpg 1086w, https:\/\/mouhet.fr\/wp-content\/uploads\/2026\/01\/doc00113620260122120911_001-1448x2048.jpg 1448w, https:\/\/mouhet.fr\/wp-content\/uploads\/2026\/01\/doc00113620260122120911_001-scaled.jpg 1810w\" sizes=\"auto, (max-width: 724px) 100vw, 724px\" \/><\/figure>\n","protected":false},"excerpt":{"rendered":"<p>L\u2019Agence Postale Communale (APC) permet aux habitants d\u2019effectuer leurs op\u00e9rations postales courantes dans un lieu pratique o\u00f9 ils acc\u00e8dent en m\u00eame temps \u00e0 d\u2019autres services. Ce service est g\u00e9r\u00e9 en partenariat avec la municipalit\u00e9 Num\u00e9ro de t\u00e9l\u00e9phone : 02 54 47 56 18 Biblioth\u00e8que solidaire pour tous !<\/p>\n","protected":false},"author":4,"featured_media":0,"parent":0,"menu_order":0,"comment_status":"closed","ping_status":"closed","template":"","meta":{"footnotes":""},"class_list":["post-1129","page","type-page","status-publish","hentry"],"_links":{"self":[{"href":"https:\/\/mouhet.fr\/index.php?rest_route=\/wp\/v2\/pages\/1129","targetHints":{"allow":["GET"]}}],"collection":[{"href":"https:\/\/mouhet.fr\/index.php?rest_route=\/wp\/v2\/pages"}],"about":[{"href":"https:\/\/mouhet.fr\/index.php?rest_route=\/wp\/v2\/types\/page"}],"author":[{"embeddable":true,"href":"https:\/\/mouhet.fr\/index.php?rest_route=\/wp\/v2\/users\/4"}],"replies":[{"embeddable":true,"href":"https:\/\/mouhet.fr\/index.php?rest_route=%2Fwp%2Fv2%2Fcomments&post=1129"}],"version-history":[{"count":8,"href":"https:\/\/mouhet.fr\/index.php?rest_route=\/wp\/v2\/pages\/1129\/revisions"}],"predecessor-version":[{"id":2931,"href":"https:\/\/mouhet.fr\/index.php?rest_route=\/wp\/v2\/pages\/1129\/revisions\/2931"}],"wp:attachment":[{"href":"https:\/\/mouhet.fr\/index.php?rest_route=%2Fwp%2Fv2%2Fmedia&parent=1129"}],"curies":[{"name":"wp","href":"https:\/\/api.w.org\/{rel}","templated":true}]}}