{"id":1147,"date":"2022-01-26T22:38:25","date_gmt":"2022-01-26T21:38:25","guid":{"rendered":"http:\/\/www.mouhet.fr\/?page_id=1147"},"modified":"2026-01-22T13:44:35","modified_gmt":"2026-01-22T12:44:35","slug":"les-salles","status":"publish","type":"page","link":"https:\/\/mouhet.fr\/?page_id=1147","title":{"rendered":"Locations de salle"},"content":{"rendered":"\n<p>Par d\u00e9lib\u00e9ration n\u00b02024-05-31-05 en date du 31 mai 2024, le Conseil Municipal \u00e0 fix\u00e9 les tarifs de location des diff\u00e9rentes salles communales, comme suit :<\/p>\n\n\n\n<ul class=\"wp-block-list\">\n<li><strong>Salle Micheline Bacha<\/strong><\/li>\n<\/ul>\n\n\n\n<p>100\u20ac aux habitants de la commune<\/p>\n\n\n\n<p>170\u20ac pour les personnes ext\u00e9rieures \u00e0 la commune<\/p>\n\n\n\n<p>suppl\u00e9ment de 50\u20ac pour la location de la cuisine de la salle Micheline Bacha<\/p>\n\n\n\n<figure class=\"wp-block-gallery has-nested-images columns-default is-cropped wp-block-gallery-1 is-layout-flex wp-block-gallery-is-layout-flex\">\n<figure class=\"wp-block-image size-large\"><img loading=\"lazy\" decoding=\"async\" width=\"2560\" height=\"1920\" data-id=\"1318\" src=\"https:\/\/mouhet.fr\/wp-content\/uploads\/2022\/10\/Salle-des-fetes-9-scaled.jpg\" alt=\"\" class=\"wp-image-1318\" srcset=\"https:\/\/mouhet.fr\/wp-content\/uploads\/2022\/10\/Salle-des-fetes-9-scaled.jpg 2560w, https:\/\/mouhet.fr\/wp-content\/uploads\/2022\/10\/Salle-des-fetes-9-300x225.jpg 300w, https:\/\/mouhet.fr\/wp-content\/uploads\/2022\/10\/Salle-des-fetes-9-1024x768.jpg 1024w, https:\/\/mouhet.fr\/wp-content\/uploads\/2022\/10\/Salle-des-fetes-9-768x576.jpg 768w, https:\/\/mouhet.fr\/wp-content\/uploads\/2022\/10\/Salle-des-fetes-9-1536x1152.jpg 1536w, https:\/\/mouhet.fr\/wp-content\/uploads\/2022\/10\/Salle-des-fetes-9-2048x1536.jpg 2048w\" sizes=\"auto, (max-width: 2560px) 100vw, 2560px\" \/><figcaption class=\"wp-element-caption\">Vue ext\u00e9rieure<\/figcaption><\/figure>\n\n\n\n<figure class=\"wp-block-image size-large\"><img loading=\"lazy\" decoding=\"async\" width=\"2560\" height=\"1920\" data-id=\"1317\" src=\"https:\/\/mouhet.fr\/wp-content\/uploads\/2022\/10\/Salle-des-fetes-8-scaled.jpg\" alt=\"\" class=\"wp-image-1317\" srcset=\"https:\/\/mouhet.fr\/wp-content\/uploads\/2022\/10\/Salle-des-fetes-8-scaled.jpg 2560w, https:\/\/mouhet.fr\/wp-content\/uploads\/2022\/10\/Salle-des-fetes-8-300x225.jpg 300w, https:\/\/mouhet.fr\/wp-content\/uploads\/2022\/10\/Salle-des-fetes-8-1024x768.jpg 1024w, https:\/\/mouhet.fr\/wp-content\/uploads\/2022\/10\/Salle-des-fetes-8-768x576.jpg 768w, https:\/\/mouhet.fr\/wp-content\/uploads\/2022\/10\/Salle-des-fetes-8-1536x1152.jpg 1536w, https:\/\/mouhet.fr\/wp-content\/uploads\/2022\/10\/Salle-des-fetes-8-2048x1536.jpg 2048w\" sizes=\"auto, (max-width: 2560px) 100vw, 2560px\" \/><figcaption class=\"wp-element-caption\">Cuisine<\/figcaption><\/figure>\n\n\n\n<figure class=\"wp-block-image size-large\"><img loading=\"lazy\" decoding=\"async\" width=\"2560\" height=\"1920\" data-id=\"1316\" src=\"https:\/\/mouhet.fr\/wp-content\/uploads\/2022\/10\/Salle-des-fetes-7-scaled.jpg\" alt=\"\" class=\"wp-image-1316\" srcset=\"https:\/\/mouhet.fr\/wp-content\/uploads\/2022\/10\/Salle-des-fetes-7-scaled.jpg 2560w, https:\/\/mouhet.fr\/wp-content\/uploads\/2022\/10\/Salle-des-fetes-7-300x225.jpg 300w, https:\/\/mouhet.fr\/wp-content\/uploads\/2022\/10\/Salle-des-fetes-7-1024x768.jpg 1024w, https:\/\/mouhet.fr\/wp-content\/uploads\/2022\/10\/Salle-des-fetes-7-768x576.jpg 768w, https:\/\/mouhet.fr\/wp-content\/uploads\/2022\/10\/Salle-des-fetes-7-1536x1152.jpg 1536w, https:\/\/mouhet.fr\/wp-content\/uploads\/2022\/10\/Salle-des-fetes-7-2048x1536.jpg 2048w\" sizes=\"auto, (max-width: 2560px) 100vw, 2560px\" \/><figcaption class=\"wp-element-caption\">Cuisine<\/figcaption><\/figure>\n\n\n\n<figure class=\"wp-block-image size-large\"><img loading=\"lazy\" decoding=\"async\" width=\"1920\" height=\"2560\" data-id=\"1315\" src=\"https:\/\/mouhet.fr\/wp-content\/uploads\/2022\/10\/Salle-des-fetes-6-scaled.jpg\" alt=\"\" class=\"wp-image-1315\" srcset=\"https:\/\/mouhet.fr\/wp-content\/uploads\/2022\/10\/Salle-des-fetes-6-scaled.jpg 1920w, https:\/\/mouhet.fr\/wp-content\/uploads\/2022\/10\/Salle-des-fetes-6-225x300.jpg 225w, https:\/\/mouhet.fr\/wp-content\/uploads\/2022\/10\/Salle-des-fetes-6-768x1024.jpg 768w, https:\/\/mouhet.fr\/wp-content\/uploads\/2022\/10\/Salle-des-fetes-6-1152x1536.jpg 1152w, https:\/\/mouhet.fr\/wp-content\/uploads\/2022\/10\/Salle-des-fetes-6-1536x2048.jpg 1536w\" sizes=\"auto, (max-width: 1920px) 100vw, 1920px\" \/><figcaption class=\"wp-element-caption\">Cuisine<\/figcaption><\/figure>\n\n\n\n<figure class=\"wp-block-image size-large\"><img loading=\"lazy\" decoding=\"async\" width=\"1920\" height=\"2560\" data-id=\"1314\" src=\"https:\/\/mouhet.fr\/wp-content\/uploads\/2022\/10\/Salle-des-fetes-5-scaled.jpg\" alt=\"\" class=\"wp-image-1314\" srcset=\"https:\/\/mouhet.fr\/wp-content\/uploads\/2022\/10\/Salle-des-fetes-5-scaled.jpg 1920w, https:\/\/mouhet.fr\/wp-content\/uploads\/2022\/10\/Salle-des-fetes-5-225x300.jpg 225w, https:\/\/mouhet.fr\/wp-content\/uploads\/2022\/10\/Salle-des-fetes-5-768x1024.jpg 768w, https:\/\/mouhet.fr\/wp-content\/uploads\/2022\/10\/Salle-des-fetes-5-1152x1536.jpg 1152w, https:\/\/mouhet.fr\/wp-content\/uploads\/2022\/10\/Salle-des-fetes-5-1536x2048.jpg 1536w\" sizes=\"auto, (max-width: 1920px) 100vw, 1920px\" \/><figcaption class=\"wp-element-caption\">Entr\u00e9e<\/figcaption><\/figure>\n\n\n\n<figure class=\"wp-block-image size-large\"><img loading=\"lazy\" decoding=\"async\" width=\"2560\" height=\"1920\" data-id=\"1313\" src=\"https:\/\/mouhet.fr\/wp-content\/uploads\/2022\/10\/Salle-des-fetes-4-scaled.jpg\" alt=\"\" class=\"wp-image-1313\" srcset=\"https:\/\/mouhet.fr\/wp-content\/uploads\/2022\/10\/Salle-des-fetes-4-scaled.jpg 2560w, https:\/\/mouhet.fr\/wp-content\/uploads\/2022\/10\/Salle-des-fetes-4-300x225.jpg 300w, https:\/\/mouhet.fr\/wp-content\/uploads\/2022\/10\/Salle-des-fetes-4-1024x768.jpg 1024w, https:\/\/mouhet.fr\/wp-content\/uploads\/2022\/10\/Salle-des-fetes-4-768x576.jpg 768w, https:\/\/mouhet.fr\/wp-content\/uploads\/2022\/10\/Salle-des-fetes-4-1536x1152.jpg 1536w, https:\/\/mouhet.fr\/wp-content\/uploads\/2022\/10\/Salle-des-fetes-4-2048x1536.jpg 2048w\" sizes=\"auto, (max-width: 2560px) 100vw, 2560px\" \/><figcaption class=\"wp-element-caption\">Toilettes<\/figcaption><\/figure>\n\n\n\n<figure class=\"wp-block-image size-large\"><img loading=\"lazy\" decoding=\"async\" width=\"2560\" height=\"1920\" data-id=\"1312\" src=\"https:\/\/mouhet.fr\/wp-content\/uploads\/2022\/10\/Salle-des-fetes-3-scaled.jpg\" alt=\"\" class=\"wp-image-1312\" srcset=\"https:\/\/mouhet.fr\/wp-content\/uploads\/2022\/10\/Salle-des-fetes-3-scaled.jpg 2560w, https:\/\/mouhet.fr\/wp-content\/uploads\/2022\/10\/Salle-des-fetes-3-300x225.jpg 300w, https:\/\/mouhet.fr\/wp-content\/uploads\/2022\/10\/Salle-des-fetes-3-1024x768.jpg 1024w, https:\/\/mouhet.fr\/wp-content\/uploads\/2022\/10\/Salle-des-fetes-3-768x576.jpg 768w, https:\/\/mouhet.fr\/wp-content\/uploads\/2022\/10\/Salle-des-fetes-3-1536x1152.jpg 1536w, https:\/\/mouhet.fr\/wp-content\/uploads\/2022\/10\/Salle-des-fetes-3-2048x1536.jpg 2048w\" sizes=\"auto, (max-width: 2560px) 100vw, 2560px\" \/><figcaption class=\"wp-element-caption\">Bar<\/figcaption><\/figure>\n\n\n\n<figure class=\"wp-block-image size-large\"><img loading=\"lazy\" decoding=\"async\" width=\"2560\" height=\"1920\" data-id=\"1311\" src=\"https:\/\/mouhet.fr\/wp-content\/uploads\/2022\/10\/Salle-des-fetes-2-scaled.jpg\" alt=\"\" class=\"wp-image-1311\" srcset=\"https:\/\/mouhet.fr\/wp-content\/uploads\/2022\/10\/Salle-des-fetes-2-scaled.jpg 2560w, https:\/\/mouhet.fr\/wp-content\/uploads\/2022\/10\/Salle-des-fetes-2-300x225.jpg 300w, https:\/\/mouhet.fr\/wp-content\/uploads\/2022\/10\/Salle-des-fetes-2-1024x768.jpg 1024w, https:\/\/mouhet.fr\/wp-content\/uploads\/2022\/10\/Salle-des-fetes-2-768x576.jpg 768w, https:\/\/mouhet.fr\/wp-content\/uploads\/2022\/10\/Salle-des-fetes-2-1536x1152.jpg 1536w, https:\/\/mouhet.fr\/wp-content\/uploads\/2022\/10\/Salle-des-fetes-2-2048x1536.jpg 2048w\" sizes=\"auto, (max-width: 2560px) 100vw, 2560px\" \/><figcaption class=\"wp-element-caption\">Salle\/Bar<\/figcaption><\/figure>\n\n\n\n<figure class=\"wp-block-image size-large\"><img loading=\"lazy\" decoding=\"async\" width=\"2560\" height=\"1920\" data-id=\"1310\" src=\"https:\/\/mouhet.fr\/wp-content\/uploads\/2022\/10\/Salle-des-fetes-1-scaled.jpg\" alt=\"\" class=\"wp-image-1310\" srcset=\"https:\/\/mouhet.fr\/wp-content\/uploads\/2022\/10\/Salle-des-fetes-1-scaled.jpg 2560w, https:\/\/mouhet.fr\/wp-content\/uploads\/2022\/10\/Salle-des-fetes-1-300x225.jpg 300w, https:\/\/mouhet.fr\/wp-content\/uploads\/2022\/10\/Salle-des-fetes-1-1024x768.jpg 1024w, https:\/\/mouhet.fr\/wp-content\/uploads\/2022\/10\/Salle-des-fetes-1-768x576.jpg 768w, https:\/\/mouhet.fr\/wp-content\/uploads\/2022\/10\/Salle-des-fetes-1-1536x1152.jpg 1536w, https:\/\/mouhet.fr\/wp-content\/uploads\/2022\/10\/Salle-des-fetes-1-2048x1536.jpg 2048w\" sizes=\"auto, (max-width: 2560px) 100vw, 2560px\" \/><figcaption class=\"wp-element-caption\">Salle\/Estrade<\/figcaption><\/figure>\n<\/figure>\n\n\n\n<div class=\"wp-block-columns is-layout-flex wp-container-core-columns-is-layout-9d6595d7 wp-block-columns-is-layout-flex\">\n<div class=\"wp-block-column is-layout-flow wp-block-column-is-layout-flow\">\n<figure class=\"wp-block-video\"><video height=\"720\" style=\"aspect-ratio: 1280 \/ 720;\" width=\"1280\" controls loop muted src=\"https:\/\/mouhet.fr\/wp-content\/uploads\/2022\/10\/video-salle-des-fetes.mp4\"><\/video><\/figure>\n<\/div>\n\n\n\n<div class=\"wp-block-column is-layout-flow wp-block-column-is-layout-flow\">\n<figure class=\"wp-block-video\"><video height=\"720\" style=\"aspect-ratio: 1280 \/ 720;\" width=\"1280\" controls loop muted src=\"https:\/\/mouhet.fr\/wp-content\/uploads\/2022\/10\/video-cuisine-salle-des-fetes.mp4\"><\/video><\/figure>\n<\/div>\n<\/div>\n\n\n\n<hr class=\"wp-block-separator has-alpha-channel-opacity\"\/>\n\n\n\n<ul class=\"wp-block-list\">\n<li><strong>Grange Fernand MAILLAUD<\/strong><\/li>\n<\/ul>\n\n\n\n<p>150\u20ac aux habitants de la commune<\/p>\n\n\n\n<p>200\u20ac pour les personnes ext\u00e9rieures \u00e0 la commune<\/p>\n\n\n\n<figure class=\"wp-block-gallery has-nested-images columns-default is-cropped wp-block-gallery-2 is-layout-flex wp-block-gallery-is-layout-flex\">\n<figure class=\"wp-block-image size-large\"><img loading=\"lazy\" decoding=\"async\" width=\"2560\" height=\"1920\" data-id=\"1298\" src=\"https:\/\/mouhet.fr\/wp-content\/uploads\/2022\/10\/Grange-F-Maillaud-1-scaled.jpg\" alt=\"\" class=\"wp-image-1298\" srcset=\"https:\/\/mouhet.fr\/wp-content\/uploads\/2022\/10\/Grange-F-Maillaud-1-scaled.jpg 2560w, https:\/\/mouhet.fr\/wp-content\/uploads\/2022\/10\/Grange-F-Maillaud-1-300x225.jpg 300w, https:\/\/mouhet.fr\/wp-content\/uploads\/2022\/10\/Grange-F-Maillaud-1-1024x768.jpg 1024w, https:\/\/mouhet.fr\/wp-content\/uploads\/2022\/10\/Grange-F-Maillaud-1-768x576.jpg 768w, https:\/\/mouhet.fr\/wp-content\/uploads\/2022\/10\/Grange-F-Maillaud-1-1536x1152.jpg 1536w, https:\/\/mouhet.fr\/wp-content\/uploads\/2022\/10\/Grange-F-Maillaud-1-2048x1536.jpg 2048w\" sizes=\"auto, (max-width: 2560px) 100vw, 2560px\" \/><figcaption class=\"wp-element-caption\">Parking ext\u00e9rieur<\/figcaption><\/figure>\n\n\n\n<figure class=\"wp-block-image size-large\"><img loading=\"lazy\" decoding=\"async\" width=\"2560\" height=\"1920\" data-id=\"1299\" src=\"https:\/\/mouhet.fr\/wp-content\/uploads\/2022\/10\/Grange-F-Maillaud-2-scaled.jpg\" alt=\"\" class=\"wp-image-1299\" srcset=\"https:\/\/mouhet.fr\/wp-content\/uploads\/2022\/10\/Grange-F-Maillaud-2-scaled.jpg 2560w, https:\/\/mouhet.fr\/wp-content\/uploads\/2022\/10\/Grange-F-Maillaud-2-300x225.jpg 300w, https:\/\/mouhet.fr\/wp-content\/uploads\/2022\/10\/Grange-F-Maillaud-2-1024x768.jpg 1024w, https:\/\/mouhet.fr\/wp-content\/uploads\/2022\/10\/Grange-F-Maillaud-2-768x576.jpg 768w, https:\/\/mouhet.fr\/wp-content\/uploads\/2022\/10\/Grange-F-Maillaud-2-1536x1152.jpg 1536w, https:\/\/mouhet.fr\/wp-content\/uploads\/2022\/10\/Grange-F-Maillaud-2-2048x1536.jpg 2048w\" sizes=\"auto, (max-width: 2560px) 100vw, 2560px\" \/><figcaption class=\"wp-element-caption\">Vue ext\u00e9rieure<\/figcaption><\/figure>\n\n\n\n<figure class=\"wp-block-image size-large\"><img loading=\"lazy\" decoding=\"async\" width=\"2560\" height=\"1920\" data-id=\"1300\" src=\"https:\/\/mouhet.fr\/wp-content\/uploads\/2022\/10\/Grange-F-Maillaud-3-scaled.jpg\" alt=\"\" class=\"wp-image-1300\" srcset=\"https:\/\/mouhet.fr\/wp-content\/uploads\/2022\/10\/Grange-F-Maillaud-3-scaled.jpg 2560w, https:\/\/mouhet.fr\/wp-content\/uploads\/2022\/10\/Grange-F-Maillaud-3-300x225.jpg 300w, https:\/\/mouhet.fr\/wp-content\/uploads\/2022\/10\/Grange-F-Maillaud-3-1024x768.jpg 1024w, https:\/\/mouhet.fr\/wp-content\/uploads\/2022\/10\/Grange-F-Maillaud-3-768x576.jpg 768w, https:\/\/mouhet.fr\/wp-content\/uploads\/2022\/10\/Grange-F-Maillaud-3-1536x1152.jpg 1536w, https:\/\/mouhet.fr\/wp-content\/uploads\/2022\/10\/Grange-F-Maillaud-3-2048x1536.jpg 2048w\" sizes=\"auto, (max-width: 2560px) 100vw, 2560px\" \/><figcaption class=\"wp-element-caption\">Sanitaire<\/figcaption><\/figure>\n\n\n\n<figure class=\"wp-block-image size-large\"><img loading=\"lazy\" decoding=\"async\" width=\"2560\" height=\"1920\" data-id=\"1301\" src=\"https:\/\/mouhet.fr\/wp-content\/uploads\/2022\/10\/Grange-F-Maillaud-4-scaled.jpg\" alt=\"\" class=\"wp-image-1301\" srcset=\"https:\/\/mouhet.fr\/wp-content\/uploads\/2022\/10\/Grange-F-Maillaud-4-scaled.jpg 2560w, https:\/\/mouhet.fr\/wp-content\/uploads\/2022\/10\/Grange-F-Maillaud-4-300x225.jpg 300w, https:\/\/mouhet.fr\/wp-content\/uploads\/2022\/10\/Grange-F-Maillaud-4-1024x768.jpg 1024w, https:\/\/mouhet.fr\/wp-content\/uploads\/2022\/10\/Grange-F-Maillaud-4-768x576.jpg 768w, https:\/\/mouhet.fr\/wp-content\/uploads\/2022\/10\/Grange-F-Maillaud-4-1536x1152.jpg 1536w, https:\/\/mouhet.fr\/wp-content\/uploads\/2022\/10\/Grange-F-Maillaud-4-2048x1536.jpg 2048w\" sizes=\"auto, (max-width: 2560px) 100vw, 2560px\" \/><figcaption class=\"wp-element-caption\">Salle\/sc\u00e8ne<\/figcaption><\/figure>\n\n\n\n<figure class=\"wp-block-image size-large\"><img loading=\"lazy\" decoding=\"async\" width=\"2560\" height=\"1920\" data-id=\"1302\" src=\"https:\/\/mouhet.fr\/wp-content\/uploads\/2022\/10\/Grange-F-Maillaud-5-scaled.jpg\" alt=\"\" class=\"wp-image-1302\" srcset=\"https:\/\/mouhet.fr\/wp-content\/uploads\/2022\/10\/Grange-F-Maillaud-5-scaled.jpg 2560w, https:\/\/mouhet.fr\/wp-content\/uploads\/2022\/10\/Grange-F-Maillaud-5-300x225.jpg 300w, https:\/\/mouhet.fr\/wp-content\/uploads\/2022\/10\/Grange-F-Maillaud-5-1024x768.jpg 1024w, https:\/\/mouhet.fr\/wp-content\/uploads\/2022\/10\/Grange-F-Maillaud-5-768x576.jpg 768w, https:\/\/mouhet.fr\/wp-content\/uploads\/2022\/10\/Grange-F-Maillaud-5-1536x1152.jpg 1536w, https:\/\/mouhet.fr\/wp-content\/uploads\/2022\/10\/Grange-F-Maillaud-5-2048x1536.jpg 2048w\" sizes=\"auto, (max-width: 2560px) 100vw, 2560px\" \/><figcaption class=\"wp-element-caption\">Salle\/entr\u00e9e<\/figcaption><\/figure>\n\n\n\n<figure class=\"wp-block-image size-large\"><img loading=\"lazy\" decoding=\"async\" width=\"2560\" height=\"1920\" data-id=\"1303\" src=\"https:\/\/mouhet.fr\/wp-content\/uploads\/2022\/10\/Grange-F-Maillaud-6-scaled.jpg\" alt=\"\" class=\"wp-image-1303\" srcset=\"https:\/\/mouhet.fr\/wp-content\/uploads\/2022\/10\/Grange-F-Maillaud-6-scaled.jpg 2560w, https:\/\/mouhet.fr\/wp-content\/uploads\/2022\/10\/Grange-F-Maillaud-6-300x225.jpg 300w, https:\/\/mouhet.fr\/wp-content\/uploads\/2022\/10\/Grange-F-Maillaud-6-1024x768.jpg 1024w, https:\/\/mouhet.fr\/wp-content\/uploads\/2022\/10\/Grange-F-Maillaud-6-768x576.jpg 768w, https:\/\/mouhet.fr\/wp-content\/uploads\/2022\/10\/Grange-F-Maillaud-6-1536x1152.jpg 1536w, https:\/\/mouhet.fr\/wp-content\/uploads\/2022\/10\/Grange-F-Maillaud-6-2048x1536.jpg 2048w\" sizes=\"auto, (max-width: 2560px) 100vw, 2560px\" \/><figcaption class=\"wp-element-caption\">Bar<\/figcaption><\/figure>\n<\/figure>\n\n\n\n<p>La Grange Fernand Maillaud, qui tient son nom du c\u00e9l\u00e8bre &nbsp;peintre, illustrateur, \u00e9b\u00e9niste et cr\u00e9ateur de tapisserie fran\u00e7ais n\u00e9 \u00e0 Mouhet (1862-1948) est situ\u00e9e &nbsp;en face du parking de l\u2019\u00e9cole.<\/p>\n\n\n\n<p>Sa capacit\u00e9 est de 135 personnes maximums, et 120 assises \u00e0 une table. Elle contient deux doubles wc hommes femmes. Un bar avec un \u00e9vier et des placards r\u00e9frig\u00e9r\u00e9s. Une r\u00e9serve. Une sc\u00e8ne. Vous avez la possibilit\u00e9 de louer la salle Bernard Lapeyre (\u2026\u2026) qui fait office de cuisine \u00e9quip\u00e9e.<\/p>\n\n\n\n<p>A savoir, un lave-vaisselle professionnel&nbsp;; un r\u00e9frig\u00e9rateur-cong\u00e9lateur&nbsp;;&nbsp; deux tables et quatre bancs&nbsp;; un piano \u00e0 gaz&nbsp; avec four grande largeur et 5 feux&nbsp;; un \u00e9vier&nbsp;; plusieurs plans de travail et tous les couverts, verres, flutes,&nbsp; assiettes, tasses pour 120 personnes.<\/p>\n\n\n\n<hr class=\"wp-block-separator has-alpha-channel-opacity\"\/>\n\n\n\n<ul class=\"wp-block-list\">\n<li><strong>Salle Bernard LAPEYRE<\/strong><\/li>\n<\/ul>\n\n\n\n<p>60\u20ac pour tous<\/p>\n\n\n\n<figure class=\"wp-block-gallery has-nested-images columns-default is-cropped wp-block-gallery-3 is-layout-flex wp-block-gallery-is-layout-flex\">\n<figure class=\"wp-block-image size-large\"><img loading=\"lazy\" decoding=\"async\" width=\"2560\" height=\"1920\" data-id=\"1247\" src=\"https:\/\/mouhet.fr\/wp-content\/uploads\/2022\/10\/B.-Lapeyre-1-scaled.jpg\" alt=\"\" class=\"wp-image-1247\" srcset=\"https:\/\/mouhet.fr\/wp-content\/uploads\/2022\/10\/B.-Lapeyre-1-scaled.jpg 2560w, https:\/\/mouhet.fr\/wp-content\/uploads\/2022\/10\/B.-Lapeyre-1-300x225.jpg 300w, https:\/\/mouhet.fr\/wp-content\/uploads\/2022\/10\/B.-Lapeyre-1-1024x768.jpg 1024w, https:\/\/mouhet.fr\/wp-content\/uploads\/2022\/10\/B.-Lapeyre-1-768x576.jpg 768w, https:\/\/mouhet.fr\/wp-content\/uploads\/2022\/10\/B.-Lapeyre-1-1536x1152.jpg 1536w, https:\/\/mouhet.fr\/wp-content\/uploads\/2022\/10\/B.-Lapeyre-1-2048x1536.jpg 2048w\" sizes=\"auto, (max-width: 2560px) 100vw, 2560px\" \/><figcaption class=\"wp-element-caption\">Vue ext\u00e9rieure<\/figcaption><\/figure>\n\n\n\n<figure class=\"wp-block-image size-large\"><img loading=\"lazy\" decoding=\"async\" width=\"2560\" height=\"1920\" data-id=\"1248\" src=\"https:\/\/mouhet.fr\/wp-content\/uploads\/2022\/10\/B.-Lapeyre-2-scaled.jpg\" alt=\"\" class=\"wp-image-1248\" srcset=\"https:\/\/mouhet.fr\/wp-content\/uploads\/2022\/10\/B.-Lapeyre-2-scaled.jpg 2560w, https:\/\/mouhet.fr\/wp-content\/uploads\/2022\/10\/B.-Lapeyre-2-300x225.jpg 300w, https:\/\/mouhet.fr\/wp-content\/uploads\/2022\/10\/B.-Lapeyre-2-1024x768.jpg 1024w, https:\/\/mouhet.fr\/wp-content\/uploads\/2022\/10\/B.-Lapeyre-2-768x576.jpg 768w, https:\/\/mouhet.fr\/wp-content\/uploads\/2022\/10\/B.-Lapeyre-2-1536x1152.jpg 1536w, https:\/\/mouhet.fr\/wp-content\/uploads\/2022\/10\/B.-Lapeyre-2-2048x1536.jpg 2048w\" sizes=\"auto, (max-width: 2560px) 100vw, 2560px\" \/><figcaption class=\"wp-element-caption\">Cuisine <\/figcaption><\/figure>\n\n\n\n<figure class=\"wp-block-image size-large\"><img loading=\"lazy\" decoding=\"async\" width=\"2560\" height=\"1920\" data-id=\"1249\" src=\"https:\/\/mouhet.fr\/wp-content\/uploads\/2022\/10\/B.-Lapeyre-3-scaled.jpg\" alt=\"\" class=\"wp-image-1249\" srcset=\"https:\/\/mouhet.fr\/wp-content\/uploads\/2022\/10\/B.-Lapeyre-3-scaled.jpg 2560w, https:\/\/mouhet.fr\/wp-content\/uploads\/2022\/10\/B.-Lapeyre-3-300x225.jpg 300w, https:\/\/mouhet.fr\/wp-content\/uploads\/2022\/10\/B.-Lapeyre-3-1024x768.jpg 1024w, https:\/\/mouhet.fr\/wp-content\/uploads\/2022\/10\/B.-Lapeyre-3-768x576.jpg 768w, https:\/\/mouhet.fr\/wp-content\/uploads\/2022\/10\/B.-Lapeyre-3-1536x1152.jpg 1536w, https:\/\/mouhet.fr\/wp-content\/uploads\/2022\/10\/B.-Lapeyre-3-2048x1536.jpg 2048w\" sizes=\"auto, (max-width: 2560px) 100vw, 2560px\" \/><figcaption class=\"wp-element-caption\">Am\u00e9nagement <\/figcaption><\/figure>\n\n\n\n<figure class=\"wp-block-image size-large\"><img loading=\"lazy\" decoding=\"async\" width=\"1920\" height=\"2560\" data-id=\"1250\" src=\"https:\/\/mouhet.fr\/wp-content\/uploads\/2022\/10\/B.-Lapeyre-4-scaled.jpg\" alt=\"\" class=\"wp-image-1250\" srcset=\"https:\/\/mouhet.fr\/wp-content\/uploads\/2022\/10\/B.-Lapeyre-4-scaled.jpg 1920w, https:\/\/mouhet.fr\/wp-content\/uploads\/2022\/10\/B.-Lapeyre-4-225x300.jpg 225w, https:\/\/mouhet.fr\/wp-content\/uploads\/2022\/10\/B.-Lapeyre-4-768x1024.jpg 768w, https:\/\/mouhet.fr\/wp-content\/uploads\/2022\/10\/B.-Lapeyre-4-1152x1536.jpg 1152w, https:\/\/mouhet.fr\/wp-content\/uploads\/2022\/10\/B.-Lapeyre-4-1536x2048.jpg 1536w\" sizes=\"auto, (max-width: 1920px) 100vw, 1920px\" \/><figcaption class=\"wp-element-caption\">Am\u00e9nagement <\/figcaption><\/figure>\n\n\n\n<figure class=\"wp-block-image size-large\"><img loading=\"lazy\" decoding=\"async\" width=\"2560\" height=\"1920\" data-id=\"1251\" src=\"https:\/\/mouhet.fr\/wp-content\/uploads\/2022\/10\/B.-Lapeyre-5-scaled.jpg\" alt=\"\" class=\"wp-image-1251\" srcset=\"https:\/\/mouhet.fr\/wp-content\/uploads\/2022\/10\/B.-Lapeyre-5-scaled.jpg 2560w, https:\/\/mouhet.fr\/wp-content\/uploads\/2022\/10\/B.-Lapeyre-5-300x225.jpg 300w, https:\/\/mouhet.fr\/wp-content\/uploads\/2022\/10\/B.-Lapeyre-5-1024x768.jpg 1024w, https:\/\/mouhet.fr\/wp-content\/uploads\/2022\/10\/B.-Lapeyre-5-768x576.jpg 768w, https:\/\/mouhet.fr\/wp-content\/uploads\/2022\/10\/B.-Lapeyre-5-1536x1152.jpg 1536w, https:\/\/mouhet.fr\/wp-content\/uploads\/2022\/10\/B.-Lapeyre-5-2048x1536.jpg 2048w\" sizes=\"auto, (max-width: 2560px) 100vw, 2560px\" \/><figcaption class=\"wp-element-caption\">Mobiliers <\/figcaption><\/figure>\n\n\n\n<figure class=\"wp-block-image size-large\"><img loading=\"lazy\" decoding=\"async\" width=\"2560\" height=\"1920\" data-id=\"1252\" src=\"https:\/\/mouhet.fr\/wp-content\/uploads\/2022\/10\/B.-Lapeyre-6-scaled.jpg\" alt=\"\" class=\"wp-image-1252\" srcset=\"https:\/\/mouhet.fr\/wp-content\/uploads\/2022\/10\/B.-Lapeyre-6-scaled.jpg 2560w, https:\/\/mouhet.fr\/wp-content\/uploads\/2022\/10\/B.-Lapeyre-6-300x225.jpg 300w, https:\/\/mouhet.fr\/wp-content\/uploads\/2022\/10\/B.-Lapeyre-6-1024x768.jpg 1024w, https:\/\/mouhet.fr\/wp-content\/uploads\/2022\/10\/B.-Lapeyre-6-768x576.jpg 768w, https:\/\/mouhet.fr\/wp-content\/uploads\/2022\/10\/B.-Lapeyre-6-1536x1152.jpg 1536w, https:\/\/mouhet.fr\/wp-content\/uploads\/2022\/10\/B.-Lapeyre-6-2048x1536.jpg 2048w\" sizes=\"auto, (max-width: 2560px) 100vw, 2560px\" \/><figcaption class=\"wp-element-caption\">Mobiliers <\/figcaption><\/figure>\n<\/figure>\n\n\n\n<p><\/p>\n\n\n\n<hr class=\"wp-block-separator has-alpha-channel-opacity\"\/>\n\n\n\n<p class=\"has-large-font-size\"><strong>A noter que la commune offre la location des salles\/cuisines aupr\u00e8s des associations communales, organisant des festivit\u00e9s locales.<\/strong><\/p>\n","protected":false},"excerpt":{"rendered":"<p>Par d\u00e9lib\u00e9ration n\u00b02024-05-31-05 en date du 31 mai 2024, le Conseil Municipal \u00e0 fix\u00e9 les tarifs de location des diff\u00e9rentes salles communales, comme suit : 100\u20ac aux habitants de la commune 170\u20ac pour les personnes ext\u00e9rieures \u00e0 la commune suppl\u00e9ment de 50\u20ac pour la location de la cuisine de la salle Micheline Bacha 150\u20ac aux [&hellip;]<\/p>\n","protected":false},"author":4,"featured_media":0,"parent":0,"menu_order":0,"comment_status":"closed","ping_status":"closed","template":"","meta":{"footnotes":""},"class_list":["post-1147","page","type-page","status-publish","hentry"],"_links":{"self":[{"href":"https:\/\/mouhet.fr\/index.php?rest_route=\/wp\/v2\/pages\/1147","targetHints":{"allow":["GET"]}}],"collection":[{"href":"https:\/\/mouhet.fr\/index.php?rest_route=\/wp\/v2\/pages"}],"about":[{"href":"https:\/\/mouhet.fr\/index.php?rest_route=\/wp\/v2\/types\/page"}],"author":[{"embeddable":true,"href":"https:\/\/mouhet.fr\/index.php?rest_route=\/wp\/v2\/users\/4"}],"replies":[{"embeddable":true,"href":"https:\/\/mouhet.fr\/index.php?rest_route=%2Fwp%2Fv2%2Fcomments&post=1147"}],"version-history":[{"count":16,"href":"https:\/\/mouhet.fr\/index.php?rest_route=\/wp\/v2\/pages\/1147\/revisions"}],"predecessor-version":[{"id":2934,"href":"https:\/\/mouhet.fr\/index.php?rest_route=\/wp\/v2\/pages\/1147\/revisions\/2934"}],"wp:attachment":[{"href":"https:\/\/mouhet.fr\/index.php?rest_route=%2Fwp%2Fv2%2Fmedia&parent=1147"}],"curies":[{"name":"wp","href":"https:\/\/api.w.org\/{rel}","templated":true}]}}