{"id":1158,"date":"2022-01-26T22:53:15","date_gmt":"2022-01-26T21:53:15","guid":{"rendered":"http:\/\/www.mouhet.fr\/?page_id=1158"},"modified":"2025-09-17T18:36:09","modified_gmt":"2025-09-17T16:36:09","slug":"societe-communale-de-chasse","status":"publish","type":"page","link":"https:\/\/mouhet.fr\/?page_id=1158","title":{"rendered":"Soci\u00e9t\u00e9 communale de chasse"},"content":{"rendered":"\n<div class=\"wp-block-columns is-layout-flex wp-container-core-columns-is-layout-9d6595d7 wp-block-columns-is-layout-flex\">\n<div class=\"wp-block-column is-layout-flow wp-block-column-is-layout-flow\" style=\"flex-basis:66.66%\">\n<p>La Soci\u00e9t\u00e9 Communale de Chasse de Mouhet est une association de type loi 1901 qui regroupe les amateurs de chasse aux petits et grands gibiers.<\/p>\n\n\n\n<p>Elle a pour mission de g\u00e9rer la faune sauvage sur les territoires o\u00f9 elle d\u00e9tient le droit de chasse, dans un souci de pr\u00e9servation et de d\u00e9veloppement du capital cyn\u00e9g\u00e9tique, ainsi que de respect des \u00e9quilibres biologiques et \u00e9cologiques.<\/p>\n\n\n\n<p>Le pi\u00e9geage, activit\u00e9 annexe \u00e0 la chasse, peut \u00e9galement y \u00eatre pratiqu\u00e9 dans le cadre r\u00e9glementaire fix\u00e9 par l\u2019\u00c9tat.<\/p>\n\n\n\n<p>Pour plus d\u2019informations ou pour nous contacter, vous pouvez vous adresser directement \u00e0 l\u2019association.<\/p>\n\n\n\n<p><\/p>\n\n\n\n<p>Contact&nbsp;:<\/p>\n\n\n\n<p>Christian VINCENT<\/p>\n\n\n\n<p>La grande vergne<\/p>\n\n\n\n<p>36170 MOUHET<\/p>\n<\/div>\n\n\n\n<div class=\"wp-block-column is-layout-flow wp-block-column-is-layout-flow\" style=\"flex-basis:33.33%\">\n<figure class=\"wp-block-image size-full\"><img loading=\"lazy\" decoding=\"async\" width=\"310\" height=\"556\" src=\"https:\/\/mouhet.fr\/wp-content\/uploads\/2022\/11\/Capture.jpg\" alt=\"\" class=\"wp-image-1354\" srcset=\"https:\/\/mouhet.fr\/wp-content\/uploads\/2022\/11\/Capture.jpg 310w, https:\/\/mouhet.fr\/wp-content\/uploads\/2022\/11\/Capture-167x300.jpg 167w\" sizes=\"auto, (max-width: 310px) 100vw, 310px\" \/><\/figure>\n<\/div>\n<\/div>\n","protected":false},"excerpt":{"rendered":"<p>La Soci\u00e9t\u00e9 Communale de Chasse de Mouhet est une association de type loi 1901 qui regroupe les amateurs de chasse aux petits et grands gibiers. Elle a pour mission de g\u00e9rer la faune sauvage sur les territoires o\u00f9 elle d\u00e9tient le droit de chasse, dans un souci de pr\u00e9servation et de d\u00e9veloppement du capital cyn\u00e9g\u00e9tique, [&hellip;]<\/p>\n","protected":false},"author":4,"featured_media":0,"parent":0,"menu_order":0,"comment_status":"closed","ping_status":"closed","template":"","meta":{"footnotes":""},"class_list":["post-1158","page","type-page","status-publish","hentry"],"_links":{"self":[{"href":"https:\/\/mouhet.fr\/index.php?rest_route=\/wp\/v2\/pages\/1158","targetHints":{"allow":["GET"]}}],"collection":[{"href":"https:\/\/mouhet.fr\/index.php?rest_route=\/wp\/v2\/pages"}],"about":[{"href":"https:\/\/mouhet.fr\/index.php?rest_route=\/wp\/v2\/types\/page"}],"author":[{"embeddable":true,"href":"https:\/\/mouhet.fr\/index.php?rest_route=\/wp\/v2\/users\/4"}],"replies":[{"embeddable":true,"href":"https:\/\/mouhet.fr\/index.php?rest_route=%2Fwp%2Fv2%2Fcomments&post=1158"}],"version-history":[{"count":3,"href":"https:\/\/mouhet.fr\/index.php?rest_route=\/wp\/v2\/pages\/1158\/revisions"}],"predecessor-version":[{"id":2649,"href":"https:\/\/mouhet.fr\/index.php?rest_route=\/wp\/v2\/pages\/1158\/revisions\/2649"}],"wp:attachment":[{"href":"https:\/\/mouhet.fr\/index.php?rest_route=%2Fwp%2Fv2%2Fmedia&parent=1158"}],"curies":[{"name":"wp","href":"https:\/\/api.w.org\/{rel}","templated":true}]}}