{"id":1162,"date":"2022-01-26T23:00:42","date_gmt":"2022-01-26T22:00:42","guid":{"rendered":"http:\/\/www.mouhet.fr\/?page_id=1162"},"modified":"2022-11-22T14:11:18","modified_gmt":"2022-11-22T13:11:18","slug":"festiv-en-marche","status":"publish","type":"page","link":"https:\/\/mouhet.fr\/?page_id=1162","title":{"rendered":"Festiv&rsquo; en Marche"},"content":{"rendered":"\n<p>La chanson belle et rebelle <\/p>\n\n\n\n<div class=\"wp-block-columns is-layout-flex wp-container-core-columns-is-layout-9d6595d7 wp-block-columns-is-layout-flex\">\n<div class=\"wp-block-column is-layout-flow wp-block-column-is-layout-flow\" style=\"flex-basis:66.66%\">\n<p>Fond\u00e9e en 2014, l\u2019association Festiv\u2019 en Marche s\u2019est donn\u00e9 pour mission de promouvoir toute forme d\u2019Art et de Culture en milieu rural, et plus particuli\u00e8rement au sein de la Communaut\u00e9 de Communes de la Marche Occitane et du Val de l\u2019Anglin. Elle organise notamment le festival de chanson fran\u00e7aise, dite \u00e0 texte et d\u2019expression, cr\u00e9\u00e9 en 2011 \u00e0 l&rsquo;initiative du&nbsp;chanteur Eric Laurent, qui a lieu chaque ann\u00e9e sur la commune de Mouhet autour du week-end de la Pentec\u00f4te. Ce festival est aujourd\u2019hui reconnu comme \u00e9tant l\u2019un des dix plus importants, dans cette sp\u00e9cificit\u00e9, au niveau national. En plus du festival, l\u2019association \u0153uvre toute l\u2019ann\u00e9e sur le territoire de la MO-VA pour organiser des manifestations culturelles <em>(Jazz, soir\u00e9es th\u00e9matiques, soir\u00e9es cabaret, rencontres scolaires\u2026).&nbsp;<\/em><\/p>\n\n\n\n<p><strong><u>Contact<\/u><\/strong><strong> &nbsp;&nbsp;<\/strong><\/p>\n\n\n\n<p>Si\u00e8ge&nbsp;: Mairie \u2013 1 Place Henri &nbsp;Lathi\u00e8re 36170 Mouhet&nbsp;<\/p>\n\n\n\n<p>Courrier : 1 rue Beauregard 36170 Saint-Beno\u00eet-du-Sault<\/p>\n\n\n\n<p>Pr\u00e9sident&nbsp;: Eric Laurent&nbsp;<\/p>\n\n\n\n<p>T\u00e9l&nbsp;: 02 54 24 86 68 \/ 07 86 27 06 69&nbsp;<\/p>\n\n\n\n<p>Email&nbsp;: <a href=\"mailto:festivenmarche@gmail.com\" target=\"_blank\" rel=\"noreferrer noopener\">festivenmarche@gmail.com&nbsp;<\/a><\/p>\n\n\n\n<p>Site Internet&nbsp;: <a href=\"https:\/\/www.festiv-en-marche.com\/\" target=\"_blank\" rel=\"noreferrer noopener\">https:\/\/www.festiv-en-marche.com<\/a>\/&nbsp;&nbsp;&nbsp;<\/p>\n<\/div>\n\n\n\n<div class=\"wp-block-column is-vertically-aligned-top is-layout-flow wp-block-column-is-layout-flow\" style=\"flex-basis:33.33%\">\n<div class=\"wp-block-columns is-layout-flex wp-container-core-columns-is-layout-9d6595d7 wp-block-columns-is-layout-flex\">\n<div class=\"wp-block-column is-layout-flow wp-block-column-is-layout-flow\" style=\"flex-basis:100%\">\n<div class=\"wp-block-group\"><div class=\"wp-block-group__inner-container is-layout-flow wp-block-group-is-layout-flow\">\n<figure class=\"wp-block-gallery has-nested-images columns-1 is-cropped wp-block-gallery-1 is-layout-flex wp-block-gallery-is-layout-flex\">\n<figure class=\"wp-block-image size-large\"><img loading=\"lazy\" decoding=\"async\" width=\"576\" height=\"768\" data-id=\"1163\" src=\"https:\/\/mouhet.fr\/wp-content\/uploads\/2022\/01\/DSCN8792-Large.jpg\" alt=\"\" class=\"wp-image-1163\" srcset=\"https:\/\/mouhet.fr\/wp-content\/uploads\/2022\/01\/DSCN8792-Large.jpg 576w, https:\/\/mouhet.fr\/wp-content\/uploads\/2022\/01\/DSCN8792-Large-225x300.jpg 225w\" sizes=\"auto, (max-width: 576px) 100vw, 576px\" \/><\/figure>\n\n\n\n<figure class=\"wp-block-image size-large\"><img loading=\"lazy\" decoding=\"async\" width=\"1024\" height=\"575\" data-id=\"1165\" src=\"https:\/\/mouhet.fr\/wp-content\/uploads\/2022\/01\/DSC06208-Large.jpg\" alt=\"\" class=\"wp-image-1165\" srcset=\"https:\/\/mouhet.fr\/wp-content\/uploads\/2022\/01\/DSC06208-Large.jpg 1024w, https:\/\/mouhet.fr\/wp-content\/uploads\/2022\/01\/DSC06208-Large-300x168.jpg 300w, https:\/\/mouhet.fr\/wp-content\/uploads\/2022\/01\/DSC06208-Large-768x431.jpg 768w\" sizes=\"auto, (max-width: 1024px) 100vw, 1024px\" \/><\/figure>\n<\/figure>\n<\/div><\/div>\n<\/div>\n<\/div>\n<\/div>\n<\/div>\n\n\n\n<p><\/p>\n","protected":false},"excerpt":{"rendered":"<p>La chanson belle et rebelle Fond\u00e9e en 2014, l\u2019association Festiv\u2019 en Marche s\u2019est donn\u00e9 pour mission de promouvoir toute forme d\u2019Art et de Culture en milieu rural, et plus particuli\u00e8rement au sein de la Communaut\u00e9 de Communes de la Marche Occitane et du Val de l\u2019Anglin. Elle organise notamment le festival de chanson fran\u00e7aise, dite [&hellip;]<\/p>\n","protected":false},"author":4,"featured_media":0,"parent":0,"menu_order":0,"comment_status":"closed","ping_status":"closed","template":"","meta":{"footnotes":""},"class_list":["post-1162","page","type-page","status-publish","hentry"],"_links":{"self":[{"href":"https:\/\/mouhet.fr\/index.php?rest_route=\/wp\/v2\/pages\/1162","targetHints":{"allow":["GET"]}}],"collection":[{"href":"https:\/\/mouhet.fr\/index.php?rest_route=\/wp\/v2\/pages"}],"about":[{"href":"https:\/\/mouhet.fr\/index.php?rest_route=\/wp\/v2\/types\/page"}],"author":[{"embeddable":true,"href":"https:\/\/mouhet.fr\/index.php?rest_route=\/wp\/v2\/users\/4"}],"replies":[{"embeddable":true,"href":"https:\/\/mouhet.fr\/index.php?rest_route=%2Fwp%2Fv2%2Fcomments&post=1162"}],"version-history":[{"count":2,"href":"https:\/\/mouhet.fr\/index.php?rest_route=\/wp\/v2\/pages\/1162\/revisions"}],"predecessor-version":[{"id":1817,"href":"https:\/\/mouhet.fr\/index.php?rest_route=\/wp\/v2\/pages\/1162\/revisions\/1817"}],"wp:attachment":[{"href":"https:\/\/mouhet.fr\/index.php?rest_route=%2Fwp%2Fv2%2Fmedia&parent=1162"}],"curies":[{"name":"wp","href":"https:\/\/api.w.org\/{rel}","templated":true}]}}