{"id":1263,"date":"2022-10-17T23:37:13","date_gmt":"2022-10-17T21:37:13","guid":{"rendered":"https:\/\/www.mouhet.fr\/?page_id=1263"},"modified":"2026-03-06T16:45:06","modified_gmt":"2026-03-06T15:45:06","slug":"le-bulletin-municipal","status":"publish","type":"page","link":"https:\/\/mouhet.fr\/?page_id=1263","title":{"rendered":"Bulletins Municipaux"},"content":{"rendered":"\n<p>Chaque ann\u00e9e nous r\u00e9alisons un bulletin r\u00e9sumant les faits marquants \u00e0 Mouhet. Nous r\u00e9alisons \u00e9galement des lettres d&rsquo;informations en cours d&rsquo;ann\u00e9e.<\/p>\n\n\n\n<p><a href=\"#2026\">2026 <\/a>&#8211; <a href=\"#2025\">2025<\/a> &#8211; <a href=\"#2024\">2024<\/a> &#8211; <a href=\"#2023\">2023<\/a> &#8211; <a href=\"#2022\">2022 <\/a>&#8211; <a href=\"#2021\">2021<\/a> &#8211; <a href=\"#2020\">2020<\/a> &#8211; <a href=\"#2019\">2019<\/a> <\/p>\n\n\n\n<p id=\"2026\">2026<\/p>\n\n\n<div class=\"wp-block-image\">\n<figure class=\"aligncenter size-full is-resized\"><a href=\"https:\/\/mouhet.fr\/wp-content\/uploads\/2026\/03\/MOUHET-BM-2026.pdf\" target=\"_blank\" rel=\" noreferrer noopener\"><img loading=\"lazy\" decoding=\"async\" width=\"279\" height=\"407\" src=\"https:\/\/mouhet.fr\/wp-content\/uploads\/2026\/03\/Bulletin2026.jpg\" alt=\"\" class=\"wp-image-3574\" style=\"aspect-ratio:0.6855055244783632;width:330px;height:auto\" srcset=\"https:\/\/mouhet.fr\/wp-content\/uploads\/2026\/03\/Bulletin2026.jpg 279w, https:\/\/mouhet.fr\/wp-content\/uploads\/2026\/03\/Bulletin2026-206x300.jpg 206w\" sizes=\"auto, (max-width: 279px) 100vw, 279px\" \/><\/a><\/figure>\n<\/div>\n\n\n<hr class=\"wp-block-separator has-alpha-channel-opacity\"\/>\n\n\n\n<p id=\"2025\">2025<\/p>\n\n\n<div class=\"wp-block-image\">\n<figure class=\"aligncenter size-large is-resized\"><a href=\"https:\/\/mouhet.fr\/wp-content\/uploads\/2025\/07\/MOUHET-BM-2025.pdf\" target=\"_blank\" rel=\" noreferrer noopener\"><img loading=\"lazy\" decoding=\"async\" width=\"724\" height=\"1024\" src=\"https:\/\/mouhet.fr\/wp-content\/uploads\/2025\/07\/BM2025-724x1024.jpeg\" alt=\"\" class=\"wp-image-2369\" style=\"width:350px\" srcset=\"https:\/\/mouhet.fr\/wp-content\/uploads\/2025\/07\/BM2025-724x1024.jpeg 724w, https:\/\/mouhet.fr\/wp-content\/uploads\/2025\/07\/BM2025-212x300.jpeg 212w, https:\/\/mouhet.fr\/wp-content\/uploads\/2025\/07\/BM2025-768x1086.jpeg 768w, https:\/\/mouhet.fr\/wp-content\/uploads\/2025\/07\/BM2025-1086x1536.jpeg 1086w, https:\/\/mouhet.fr\/wp-content\/uploads\/2025\/07\/BM2025-1448x2048.jpeg 1448w, https:\/\/mouhet.fr\/wp-content\/uploads\/2025\/07\/BM2025-scaled.jpeg 1810w\" sizes=\"auto, (max-width: 724px) 100vw, 724px\" \/><\/a><\/figure>\n<\/div>\n\n\n<hr class=\"wp-block-separator has-alpha-channel-opacity\"\/>\n\n\n\n<p id=\"2024\">2024<\/p>\n\n\n\n<p>\u00e9t\u00e9<\/p>\n\n\n<div class=\"wp-block-image\">\n<figure class=\"aligncenter size-full is-resized\"><a href=\"https:\/\/mouhet.fr\/wp-content\/uploads\/2025\/07\/MOUHET-bulletin-info-ete-2024.pdf\" target=\"_blank\" rel=\" noreferrer noopener\"><img loading=\"lazy\" decoding=\"async\" width=\"446\" height=\"610\" src=\"https:\/\/mouhet.fr\/wp-content\/uploads\/2026\/02\/BulletinEte2024.jpg\" alt=\"\" class=\"wp-image-3514\" style=\"width:335px;height:auto\" srcset=\"https:\/\/mouhet.fr\/wp-content\/uploads\/2026\/02\/BulletinEte2024.jpg 446w, https:\/\/mouhet.fr\/wp-content\/uploads\/2026\/02\/BulletinEte2024-219x300.jpg 219w\" sizes=\"auto, (max-width: 446px) 100vw, 446px\" \/><\/a><\/figure>\n<\/div>\n\n<div class=\"wp-block-image\">\n<figure class=\"aligncenter size-full is-resized\"><a href=\"https:\/\/mouhet.fr\/wp-content\/uploads\/2025\/07\/MOUHET-bulletin-info-ete-2024.pdf\" target=\"_blank\" rel=\" noreferrer noopener\"><img loading=\"lazy\" decoding=\"async\" width=\"604\" height=\"856\" src=\"https:\/\/mouhet.fr\/wp-content\/uploads\/2025\/03\/bulletin_2024.png\" alt=\"\" class=\"wp-image-2319\" style=\"width:350px\" srcset=\"https:\/\/mouhet.fr\/wp-content\/uploads\/2025\/03\/bulletin_2024.png 604w, https:\/\/mouhet.fr\/wp-content\/uploads\/2025\/03\/bulletin_2024-212x300.png 212w\" sizes=\"auto, (max-width: 604px) 100vw, 604px\" \/><\/a><\/figure>\n<\/div>\n\n\n<hr class=\"wp-block-separator has-alpha-channel-opacity\"\/>\n\n\n\n<p id=\"2023\">2023<\/p>\n\n\n<div class=\"wp-block-image\">\n<figure class=\"aligncenter size-full\"><a href=\"https:\/\/mouhet.fr\/wp-content\/uploads\/2024\/10\/Bulletin-municipal-2023.pdf\" target=\"_blank\" rel=\" noreferrer noopener\"><img loading=\"lazy\" decoding=\"async\" width=\"365\" height=\"521\" src=\"https:\/\/mouhet.fr\/wp-content\/uploads\/2026\/02\/Bulletin2023.jpg\" alt=\"\" class=\"wp-image-3522\" srcset=\"https:\/\/mouhet.fr\/wp-content\/uploads\/2026\/02\/Bulletin2023.jpg 365w, https:\/\/mouhet.fr\/wp-content\/uploads\/2026\/02\/Bulletin2023-210x300.jpg 210w\" sizes=\"auto, (max-width: 365px) 100vw, 365px\" \/><\/a><\/figure>\n<\/div>\n\n\n<hr class=\"wp-block-separator has-alpha-channel-opacity\"\/>\n\n\n\n<p id=\"2022\">2022<\/p>\n\n\n<div class=\"wp-block-image\">\n<figure class=\"aligncenter size-full is-resized\"><img loading=\"lazy\" decoding=\"async\" width=\"473\" height=\"681\" src=\"https:\/\/mouhet.fr\/wp-content\/uploads\/2026\/02\/Bulletin2022.jpg\" alt=\"\" class=\"wp-image-3530\" style=\"width:369px;height:auto\" srcset=\"https:\/\/mouhet.fr\/wp-content\/uploads\/2026\/02\/Bulletin2022.jpg 473w, https:\/\/mouhet.fr\/wp-content\/uploads\/2026\/02\/Bulletin2022-208x300.jpg 208w\" sizes=\"auto, (max-width: 473px) 100vw, 473px\" \/><\/figure>\n<\/div>\n\n\n<hr class=\"wp-block-separator has-alpha-channel-opacity\"\/>\n\n\n\n<p id=\"2021\">2021<\/p>\n\n\n<div class=\"wp-block-image\">\n<figure class=\"aligncenter size-full is-resized\"><a href=\"https:\/\/mouhet.fr\/wp-content\/uploads\/2022\/10\/Bulletin-Municipal-2021.pdf\" target=\"_blank\" rel=\" noreferrer noopener\"><img loading=\"lazy\" decoding=\"async\" width=\"442\" height=\"633\" src=\"https:\/\/mouhet.fr\/wp-content\/uploads\/2026\/02\/Bulletin2021.jpg\" alt=\"\" class=\"wp-image-3535\" style=\"width:362px;height:auto\" srcset=\"https:\/\/mouhet.fr\/wp-content\/uploads\/2026\/02\/Bulletin2021.jpg 442w, https:\/\/mouhet.fr\/wp-content\/uploads\/2026\/02\/Bulletin2021-209x300.jpg 209w\" sizes=\"auto, (max-width: 442px) 100vw, 442px\" \/><\/a><\/figure>\n<\/div>\n\n\n<hr class=\"wp-block-separator has-alpha-channel-opacity\"\/>\n\n\n\n<p id=\"2020\">2020<\/p>\n\n\n<div class=\"wp-block-image\">\n<figure class=\"aligncenter size-full\"><a href=\"https:\/\/mouhet.fr\/wp-content\/uploads\/2022\/10\/Bulletin-Municipal-2020.pdf\" target=\"_blank\" rel=\" noreferrer noopener\"><img loading=\"lazy\" decoding=\"async\" width=\"363\" height=\"516\" src=\"https:\/\/mouhet.fr\/wp-content\/uploads\/2026\/02\/Bulletin2020.jpg\" alt=\"\" class=\"wp-image-3538\" srcset=\"https:\/\/mouhet.fr\/wp-content\/uploads\/2026\/02\/Bulletin2020.jpg 363w, https:\/\/mouhet.fr\/wp-content\/uploads\/2026\/02\/Bulletin2020-211x300.jpg 211w\" sizes=\"auto, (max-width: 363px) 100vw, 363px\" \/><\/a><\/figure>\n<\/div>\n\n\n<hr class=\"wp-block-separator has-alpha-channel-opacity\"\/>\n\n\n\n<p id=\"2019\">2019<\/p>\n\n\n<div class=\"wp-block-image\">\n<figure class=\"aligncenter size-full is-resized\"><a href=\"https:\/\/mouhet.fr\/wp-content\/uploads\/2022\/10\/Bulletin-Municipal-2019.pdf\" target=\"_blank\" rel=\" noreferrer noopener\"><img loading=\"lazy\" decoding=\"async\" width=\"538\" height=\"760\" src=\"https:\/\/mouhet.fr\/wp-content\/uploads\/2026\/02\/Bulletin2019.jpg\" alt=\"\" class=\"wp-image-3541\" style=\"width:368px;height:auto\" srcset=\"https:\/\/mouhet.fr\/wp-content\/uploads\/2026\/02\/Bulletin2019.jpg 538w, https:\/\/mouhet.fr\/wp-content\/uploads\/2026\/02\/Bulletin2019-212x300.jpg 212w\" sizes=\"auto, (max-width: 538px) 100vw, 538px\" \/><\/a><\/figure>\n<\/div>\n\n\n<hr class=\"wp-block-separator has-alpha-channel-opacity\"\/>\n","protected":false},"excerpt":{"rendered":"<p>Chaque ann\u00e9e nous r\u00e9alisons un bulletin r\u00e9sumant les faits marquants \u00e0 Mouhet. Nous r\u00e9alisons \u00e9galement des lettres d&rsquo;informations en cours d&rsquo;ann\u00e9e. 2026 &#8211; 2025 &#8211; 2024 &#8211; 2023 &#8211; 2022 &#8211; 2021 &#8211; 2020 &#8211; 2019 2026 2025 2024 \u00e9t\u00e9 2023 2022 2021 2020 2019<\/p>\n","protected":false},"author":5,"featured_media":0,"parent":0,"menu_order":0,"comment_status":"closed","ping_status":"closed","template":"","meta":{"footnotes":""},"class_list":["post-1263","page","type-page","status-publish","hentry"],"_links":{"self":[{"href":"https:\/\/mouhet.fr\/index.php?rest_route=\/wp\/v2\/pages\/1263","targetHints":{"allow":["GET"]}}],"collection":[{"href":"https:\/\/mouhet.fr\/index.php?rest_route=\/wp\/v2\/pages"}],"about":[{"href":"https:\/\/mouhet.fr\/index.php?rest_route=\/wp\/v2\/types\/page"}],"author":[{"embeddable":true,"href":"https:\/\/mouhet.fr\/index.php?rest_route=\/wp\/v2\/users\/5"}],"replies":[{"embeddable":true,"href":"https:\/\/mouhet.fr\/index.php?rest_route=%2Fwp%2Fv2%2Fcomments&post=1263"}],"version-history":[{"count":66,"href":"https:\/\/mouhet.fr\/index.php?rest_route=\/wp\/v2\/pages\/1263\/revisions"}],"predecessor-version":[{"id":3577,"href":"https:\/\/mouhet.fr\/index.php?rest_route=\/wp\/v2\/pages\/1263\/revisions\/3577"}],"wp:attachment":[{"href":"https:\/\/mouhet.fr\/index.php?rest_route=%2Fwp%2Fv2%2Fmedia&parent=1263"}],"curies":[{"name":"wp","href":"https:\/\/api.w.org\/{rel}","templated":true}]}}