{"id":1329,"date":"2022-10-18T23:28:25","date_gmt":"2022-10-18T21:28:25","guid":{"rendered":"https:\/\/www.mouhet.fr\/?page_id=1329"},"modified":"2024-11-29T15:32:50","modified_gmt":"2024-11-29T14:32:50","slug":"carte-national-didentite-c-n-i","status":"publish","type":"page","link":"https:\/\/mouhet.fr\/?page_id=1329","title":{"rendered":"CARTE NATIONAL D\u2019IDENTIT\u00c9 (C.N.I)"},"content":{"rendered":"\n<h1 class=\"has-medium-font-size wp-block-heading\">La demande de carte d&rsquo;Identit\u00e9 se fait d\u00e9sormais par le biais du site <a rel=\"noreferrer noopener\" href=\"https:\/\/ants.gouv.fr\/monespace\/s-inscrire\" target=\"_blank\">ANTS<\/a>. Vous devez cr\u00e9er un compte (m\u00eame compte que pour un passeport ou une carte grise) et suivre les d\u00e9marches \u00e0 effectuer.<\/h1>\n\n\n\n<p>Il vous faudra remplir le questionnaire.<\/p>\n\n\n\n<p>Vous retrouverez le d\u00e9tail des d\u00e9marches<a rel=\"noreferrer noopener\" href=\"https:\/\/passeport.ants.gouv.fr\/Services-associes\/Realiser-une-pre-demande-de-carte-nationale-d-identite-CNI\" target=\"_blank\"> ICI<\/a><\/p>\n\n\n\n<p>Il faut se rendre directement dans les mairies \u00e9quip\u00e9es&nbsp; d&rsquo;un dispositif de recueil (machine permettant l&rsquo;enregistrement des demandes de passeport et cartes d&rsquo;Identit\u00e9s). Il est conseill\u00e9 de prendre rendez vous au pr\u00e9alable.<\/p>\n\n\n\n<p>Si vous n&rsquo;avez pas internet vous pouvez voir directement avec la Mairie qui instruit les demandes <a rel=\"noreferrer noopener\" href=\"https:\/\/www.indre.gouv.fr\/content\/download\/30534\/205699\/file\/CNI%20indre.pdf\" target=\"_blank\">CNI indre.pdf<\/a><\/p>\n","protected":false},"excerpt":{"rendered":"<p>La demande de carte d&rsquo;Identit\u00e9 se fait d\u00e9sormais par le biais du site ANTS. Vous devez cr\u00e9er un compte (m\u00eame compte que pour un passeport ou une carte grise) et suivre les d\u00e9marches \u00e0 effectuer. Il vous faudra remplir le questionnaire. Vous retrouverez le d\u00e9tail des d\u00e9marches ICI Il faut se rendre directement dans les [&hellip;]<\/p>\n","protected":false},"author":4,"featured_media":0,"parent":0,"menu_order":0,"comment_status":"closed","ping_status":"closed","template":"","meta":{"footnotes":""},"class_list":["post-1329","page","type-page","status-publish","hentry"],"_links":{"self":[{"href":"https:\/\/mouhet.fr\/index.php?rest_route=\/wp\/v2\/pages\/1329","targetHints":{"allow":["GET"]}}],"collection":[{"href":"https:\/\/mouhet.fr\/index.php?rest_route=\/wp\/v2\/pages"}],"about":[{"href":"https:\/\/mouhet.fr\/index.php?rest_route=\/wp\/v2\/types\/page"}],"author":[{"embeddable":true,"href":"https:\/\/mouhet.fr\/index.php?rest_route=\/wp\/v2\/users\/4"}],"replies":[{"embeddable":true,"href":"https:\/\/mouhet.fr\/index.php?rest_route=%2Fwp%2Fv2%2Fcomments&post=1329"}],"version-history":[{"count":4,"href":"https:\/\/mouhet.fr\/index.php?rest_route=\/wp\/v2\/pages\/1329\/revisions"}],"predecessor-version":[{"id":1813,"href":"https:\/\/mouhet.fr\/index.php?rest_route=\/wp\/v2\/pages\/1329\/revisions\/1813"}],"wp:attachment":[{"href":"https:\/\/mouhet.fr\/index.php?rest_route=%2Fwp%2Fv2%2Fmedia&parent=1329"}],"curies":[{"name":"wp","href":"https:\/\/api.w.org\/{rel}","templated":true}]}}