{"id":1361,"date":"2022-11-03T23:19:24","date_gmt":"2022-11-03T22:19:24","guid":{"rendered":"https:\/\/www.mouhet.fr\/?page_id=1361"},"modified":"2025-09-23T16:53:33","modified_gmt":"2025-09-23T14:53:33","slug":"le-comite-des-fetes","status":"publish","type":"page","link":"https:\/\/mouhet.fr\/?page_id=1361","title":{"rendered":"Le comit\u00e9 des f\u00eates"},"content":{"rendered":"\n<p>Le comit\u00e9 des f\u00eates est l&rsquo;association multiculturel, ouverte \u00e0 tous, de la commune. L&rsquo;ensemble des b\u00e9n\u00e9voles organise chaque ann\u00e9e une multitudes d&rsquo;activit\u00e9s et de soir\u00e9es festives.<\/p>\n\n\n\n<p>Chaque premier samedi de chaque mois, ouverture du bar de l&rsquo;Amiti\u00e9. Soir\u00e9e de partage, autour d&rsquo;un verre. Quelque fois organis\u00e9e autour d&rsquo;un th\u00e8me (barbecue, randonn\u00e9e semi-nocturne, soir\u00e9e \u00ab\u00a0foot\u00a0\u00bb, \u00ab\u00a0rugby\u00a0\u00bb, etc.)<\/p>\n\n\n\n<p>Chaque mois, une soir\u00e9e ou une animation majeure.<\/p>\n\n\n\n<p>Soir\u00e9e d\u00e9guis\u00e9e &#8211; R\u00e9tromobile (sorties de voitures de collection et de prestige)<\/p>\n\n\n\n<p>Randonn\u00e9e p\u00e9destre &#8211; Pique-nique r\u00e9publicain<\/p>\n\n\n\n<p>\u00ab\u00a0Beaujolais nouveau\u00a0\u00bb et le GRAND RENDEZ-VOUS ANNUEL : la f\u00eate communale qui a lieu le premier dimanche de septembre<\/p>\n\n\n\n<div class=\"wp-block-columns is-layout-flex wp-container-core-columns-is-layout-9d6595d7 wp-block-columns-is-layout-flex\">\n<div class=\"wp-block-column is-layout-flow wp-block-column-is-layout-flow\">\n<p><a href=\"https:\/\/www.facebook.com\/groups\/779510642136170\" target=\"_blank\" rel=\"noreferrer noopener\"><img loading=\"lazy\" decoding=\"async\" width=\"40\" height=\"40\" class=\"wp-image-1388\" style=\"width: 40px;\" src=\"https:\/\/mouhet.fr\/wp-content\/uploads\/2022\/11\/Facebook_f_logo_2019.svg_.png\" alt=\"\" srcset=\"https:\/\/mouhet.fr\/wp-content\/uploads\/2022\/11\/Facebook_f_logo_2019.svg_.png 600w, https:\/\/mouhet.fr\/wp-content\/uploads\/2022\/11\/Facebook_f_logo_2019.svg_-300x300.png 300w, https:\/\/mouhet.fr\/wp-content\/uploads\/2022\/11\/Facebook_f_logo_2019.svg_-150x150.png 150w\" sizes=\"auto, (max-width: 40px) 100vw, 40px\" \/> Page facebook<\/a> pour toutes les informations en \u00ab\u00a0direct\u00a0\u00bb<\/p>\n<\/div>\n<\/div>\n\n\n\n<figure class=\"wp-block-gallery has-nested-images columns-default is-cropped wp-block-gallery-1 is-layout-flex wp-block-gallery-is-layout-flex\">\n<figure class=\"wp-block-image size-large\"><img loading=\"lazy\" decoding=\"async\" width=\"1024\" height=\"577\" data-id=\"1371\" src=\"https:\/\/mouhet.fr\/wp-content\/uploads\/2022\/11\/20220904_1734130-1024x577.jpg\" alt=\"\" class=\"wp-image-1371\" srcset=\"https:\/\/mouhet.fr\/wp-content\/uploads\/2022\/11\/20220904_1734130-1024x577.jpg 1024w, https:\/\/mouhet.fr\/wp-content\/uploads\/2022\/11\/20220904_1734130-300x169.jpg 300w, https:\/\/mouhet.fr\/wp-content\/uploads\/2022\/11\/20220904_1734130-768x432.jpg 768w, https:\/\/mouhet.fr\/wp-content\/uploads\/2022\/11\/20220904_1734130-1536x865.jpg 1536w, https:\/\/mouhet.fr\/wp-content\/uploads\/2022\/11\/20220904_1734130-2048x1153.jpg 2048w\" sizes=\"auto, (max-width: 1024px) 100vw, 1024px\" \/><figcaption class=\"wp-element-caption\">F\u00eate annuelle<\/figcaption><\/figure>\n\n\n\n<figure class=\"wp-block-image size-large\"><img loading=\"lazy\" decoding=\"async\" width=\"1024\" height=\"768\" data-id=\"1372\" src=\"https:\/\/mouhet.fr\/wp-content\/uploads\/2022\/11\/P1070833-1024x768.jpg\" alt=\"\" class=\"wp-image-1372\" srcset=\"https:\/\/mouhet.fr\/wp-content\/uploads\/2022\/11\/P1070833-1024x768.jpg 1024w, https:\/\/mouhet.fr\/wp-content\/uploads\/2022\/11\/P1070833-300x225.jpg 300w, https:\/\/mouhet.fr\/wp-content\/uploads\/2022\/11\/P1070833-768x576.jpg 768w, https:\/\/mouhet.fr\/wp-content\/uploads\/2022\/11\/P1070833-1536x1152.jpg 1536w, https:\/\/mouhet.fr\/wp-content\/uploads\/2022\/11\/P1070833-2048x1536.jpg 2048w\" sizes=\"auto, (max-width: 1024px) 100vw, 1024px\" \/><figcaption class=\"wp-element-caption\">Pique-nique r\u00e9publicain<\/figcaption><\/figure>\n\n\n\n<figure class=\"wp-block-image size-large\"><img loading=\"lazy\" decoding=\"async\" width=\"1024\" height=\"768\" data-id=\"1373\" src=\"https:\/\/mouhet.fr\/wp-content\/uploads\/2022\/11\/P1070838-1024x768.jpg\" alt=\"\" class=\"wp-image-1373\" srcset=\"https:\/\/mouhet.fr\/wp-content\/uploads\/2022\/11\/P1070838-1024x768.jpg 1024w, https:\/\/mouhet.fr\/wp-content\/uploads\/2022\/11\/P1070838-300x225.jpg 300w, https:\/\/mouhet.fr\/wp-content\/uploads\/2022\/11\/P1070838-768x576.jpg 768w, https:\/\/mouhet.fr\/wp-content\/uploads\/2022\/11\/P1070838-1536x1152.jpg 1536w, https:\/\/mouhet.fr\/wp-content\/uploads\/2022\/11\/P1070838-2048x1536.jpg 2048w\" sizes=\"auto, (max-width: 1024px) 100vw, 1024px\" \/><figcaption class=\"wp-element-caption\">Pique-nique r\u00e9publicain<\/figcaption><\/figure>\n<\/figure>\n\n\n\n<figure class=\"wp-block-gallery has-nested-images columns-default is-cropped wp-block-gallery-2 is-layout-flex wp-block-gallery-is-layout-flex\">\n<figure class=\"wp-block-image size-large\"><img loading=\"lazy\" decoding=\"async\" width=\"1024\" height=\"768\" data-id=\"1377\" src=\"https:\/\/mouhet.fr\/wp-content\/uploads\/2022\/11\/P1030107-1024x768.jpg\" alt=\"\" class=\"wp-image-1377\" srcset=\"https:\/\/mouhet.fr\/wp-content\/uploads\/2022\/11\/P1030107-1024x768.jpg 1024w, https:\/\/mouhet.fr\/wp-content\/uploads\/2022\/11\/P1030107-300x225.jpg 300w, https:\/\/mouhet.fr\/wp-content\/uploads\/2022\/11\/P1030107-768x576.jpg 768w, https:\/\/mouhet.fr\/wp-content\/uploads\/2022\/11\/P1030107-1536x1152.jpg 1536w, https:\/\/mouhet.fr\/wp-content\/uploads\/2022\/11\/P1030107-2048x1536.jpg 2048w\" sizes=\"auto, (max-width: 1024px) 100vw, 1024px\" \/><figcaption class=\"wp-element-caption\">D\u00e9fil\u00e9 f\u00eate communale<\/figcaption><\/figure>\n\n\n\n<figure class=\"wp-block-image size-large\"><img loading=\"lazy\" decoding=\"async\" width=\"1024\" height=\"768\" data-id=\"1378\" src=\"https:\/\/mouhet.fr\/wp-content\/uploads\/2022\/11\/P1030112-1024x768.jpg\" alt=\"\" class=\"wp-image-1378\" srcset=\"https:\/\/mouhet.fr\/wp-content\/uploads\/2022\/11\/P1030112-1024x768.jpg 1024w, https:\/\/mouhet.fr\/wp-content\/uploads\/2022\/11\/P1030112-300x225.jpg 300w, https:\/\/mouhet.fr\/wp-content\/uploads\/2022\/11\/P1030112-768x576.jpg 768w, https:\/\/mouhet.fr\/wp-content\/uploads\/2022\/11\/P1030112-1536x1152.jpg 1536w, https:\/\/mouhet.fr\/wp-content\/uploads\/2022\/11\/P1030112-2048x1536.jpg 2048w\" sizes=\"auto, (max-width: 1024px) 100vw, 1024px\" \/><figcaption class=\"wp-element-caption\">D\u00e9fil\u00e9 f\u00eate communale<\/figcaption><\/figure>\n\n\n\n<figure class=\"wp-block-image size-large\"><img loading=\"lazy\" decoding=\"async\" width=\"1024\" height=\"768\" data-id=\"1374\" src=\"https:\/\/mouhet.fr\/wp-content\/uploads\/2022\/11\/P1030157-1024x768.jpg\" alt=\"\" class=\"wp-image-1374\" srcset=\"https:\/\/mouhet.fr\/wp-content\/uploads\/2022\/11\/P1030157-1024x768.jpg 1024w, https:\/\/mouhet.fr\/wp-content\/uploads\/2022\/11\/P1030157-300x225.jpg 300w, https:\/\/mouhet.fr\/wp-content\/uploads\/2022\/11\/P1030157-768x576.jpg 768w, https:\/\/mouhet.fr\/wp-content\/uploads\/2022\/11\/P1030157-1536x1152.jpg 1536w, https:\/\/mouhet.fr\/wp-content\/uploads\/2022\/11\/P1030157-2048x1536.jpg 2048w\" sizes=\"auto, (max-width: 1024px) 100vw, 1024px\" \/><figcaption class=\"wp-element-caption\">F\u00eate<\/figcaption><\/figure>\n\n\n\n<figure class=\"wp-block-image size-large\"><img loading=\"lazy\" decoding=\"async\" width=\"1024\" height=\"768\" data-id=\"1379\" src=\"https:\/\/mouhet.fr\/wp-content\/uploads\/2022\/11\/P1020742-Copie-1024x768.jpg\" alt=\"\" class=\"wp-image-1379\" srcset=\"https:\/\/mouhet.fr\/wp-content\/uploads\/2022\/11\/P1020742-Copie-1024x768.jpg 1024w, https:\/\/mouhet.fr\/wp-content\/uploads\/2022\/11\/P1020742-Copie-300x225.jpg 300w, https:\/\/mouhet.fr\/wp-content\/uploads\/2022\/11\/P1020742-Copie-768x576.jpg 768w, https:\/\/mouhet.fr\/wp-content\/uploads\/2022\/11\/P1020742-Copie-1536x1152.jpg 1536w, https:\/\/mouhet.fr\/wp-content\/uploads\/2022\/11\/P1020742-Copie-2048x1536.jpg 2048w\" sizes=\"auto, (max-width: 1024px) 100vw, 1024px\" \/><figcaption class=\"wp-element-caption\">Brocante<\/figcaption><\/figure>\n\n\n\n<figure class=\"wp-block-image size-large\"><img loading=\"lazy\" decoding=\"async\" width=\"1024\" height=\"768\" data-id=\"1375\" src=\"https:\/\/mouhet.fr\/wp-content\/uploads\/2022\/11\/P1020764-1024x768.jpg\" alt=\"\" class=\"wp-image-1375\" srcset=\"https:\/\/mouhet.fr\/wp-content\/uploads\/2022\/11\/P1020764-1024x768.jpg 1024w, https:\/\/mouhet.fr\/wp-content\/uploads\/2022\/11\/P1020764-300x225.jpg 300w, https:\/\/mouhet.fr\/wp-content\/uploads\/2022\/11\/P1020764-768x576.jpg 768w, https:\/\/mouhet.fr\/wp-content\/uploads\/2022\/11\/P1020764-1536x1152.jpg 1536w, https:\/\/mouhet.fr\/wp-content\/uploads\/2022\/11\/P1020764-2048x1536.jpg 2048w\" sizes=\"auto, (max-width: 1024px) 100vw, 1024px\" \/><figcaption class=\"wp-element-caption\">F\u00eate communale &#8211; Messe St Hubert<\/figcaption><\/figure>\n\n\n\n<figure class=\"wp-block-image size-large\"><img loading=\"lazy\" decoding=\"async\" width=\"1024\" height=\"768\" data-id=\"1376\" src=\"https:\/\/mouhet.fr\/wp-content\/uploads\/2022\/11\/P1030064-1024x768.jpg\" alt=\"\" class=\"wp-image-1376\" srcset=\"https:\/\/mouhet.fr\/wp-content\/uploads\/2022\/11\/P1030064-1024x768.jpg 1024w, https:\/\/mouhet.fr\/wp-content\/uploads\/2022\/11\/P1030064-300x225.jpg 300w, https:\/\/mouhet.fr\/wp-content\/uploads\/2022\/11\/P1030064-768x576.jpg 768w, https:\/\/mouhet.fr\/wp-content\/uploads\/2022\/11\/P1030064-1536x1152.jpg 1536w, https:\/\/mouhet.fr\/wp-content\/uploads\/2022\/11\/P1030064-2048x1536.jpg 2048w\" sizes=\"auto, (max-width: 1024px) 100vw, 1024px\" \/><figcaption class=\"wp-element-caption\">F\u00eate communale<\/figcaption><\/figure>\n\n\n\n<figure class=\"wp-block-image size-large\"><img loading=\"lazy\" decoding=\"async\" width=\"1024\" height=\"768\" data-id=\"1380\" src=\"https:\/\/mouhet.fr\/wp-content\/uploads\/2022\/11\/P1030071-1024x768.jpg\" alt=\"\" class=\"wp-image-1380\" srcset=\"https:\/\/mouhet.fr\/wp-content\/uploads\/2022\/11\/P1030071-1024x768.jpg 1024w, https:\/\/mouhet.fr\/wp-content\/uploads\/2022\/11\/P1030071-300x225.jpg 300w, https:\/\/mouhet.fr\/wp-content\/uploads\/2022\/11\/P1030071-768x576.jpg 768w, https:\/\/mouhet.fr\/wp-content\/uploads\/2022\/11\/P1030071-1536x1152.jpg 1536w, https:\/\/mouhet.fr\/wp-content\/uploads\/2022\/11\/P1030071-2048x1536.jpg 2048w\" sizes=\"auto, (max-width: 1024px) 100vw, 1024px\" \/><figcaption class=\"wp-element-caption\">F\u00eate communale<\/figcaption><\/figure>\n\n\n\n<figure class=\"wp-block-image size-large\"><img loading=\"lazy\" decoding=\"async\" width=\"1024\" height=\"768\" data-id=\"1384\" src=\"https:\/\/mouhet.fr\/wp-content\/uploads\/2022\/11\/P1070149-1024x768.jpg\" alt=\"\" class=\"wp-image-1384\" srcset=\"https:\/\/mouhet.fr\/wp-content\/uploads\/2022\/11\/P1070149-1024x768.jpg 1024w, https:\/\/mouhet.fr\/wp-content\/uploads\/2022\/11\/P1070149-300x225.jpg 300w, https:\/\/mouhet.fr\/wp-content\/uploads\/2022\/11\/P1070149-768x576.jpg 768w, https:\/\/mouhet.fr\/wp-content\/uploads\/2022\/11\/P1070149-1536x1152.jpg 1536w, https:\/\/mouhet.fr\/wp-content\/uploads\/2022\/11\/P1070149-2048x1536.jpg 2048w\" sizes=\"auto, (max-width: 1024px) 100vw, 1024px\" \/><figcaption class=\"wp-element-caption\">D\u00e9fil\u00e9 f\u00eate communale<\/figcaption><\/figure>\n\n\n\n<figure class=\"wp-block-image size-large\"><img loading=\"lazy\" decoding=\"async\" width=\"1024\" height=\"768\" data-id=\"1385\" src=\"https:\/\/mouhet.fr\/wp-content\/uploads\/2022\/11\/P1070156-1024x768.jpg\" alt=\"\" class=\"wp-image-1385\" srcset=\"https:\/\/mouhet.fr\/wp-content\/uploads\/2022\/11\/P1070156-1024x768.jpg 1024w, https:\/\/mouhet.fr\/wp-content\/uploads\/2022\/11\/P1070156-300x225.jpg 300w, https:\/\/mouhet.fr\/wp-content\/uploads\/2022\/11\/P1070156-768x576.jpg 768w, https:\/\/mouhet.fr\/wp-content\/uploads\/2022\/11\/P1070156-1536x1152.jpg 1536w, https:\/\/mouhet.fr\/wp-content\/uploads\/2022\/11\/P1070156-2048x1536.jpg 2048w\" sizes=\"auto, (max-width: 1024px) 100vw, 1024px\" \/><figcaption class=\"wp-element-caption\">D\u00e9fil\u00e9 f\u00eate communale<\/figcaption><\/figure>\n\n\n\n<figure class=\"wp-block-image size-large\"><img loading=\"lazy\" decoding=\"async\" width=\"1024\" height=\"768\" data-id=\"1386\" src=\"https:\/\/mouhet.fr\/wp-content\/uploads\/2022\/11\/P1070174-1-1024x768.jpg\" alt=\"\" class=\"wp-image-1386\" srcset=\"https:\/\/mouhet.fr\/wp-content\/uploads\/2022\/11\/P1070174-1-1024x768.jpg 1024w, https:\/\/mouhet.fr\/wp-content\/uploads\/2022\/11\/P1070174-1-300x225.jpg 300w, https:\/\/mouhet.fr\/wp-content\/uploads\/2022\/11\/P1070174-1-768x576.jpg 768w, https:\/\/mouhet.fr\/wp-content\/uploads\/2022\/11\/P1070174-1-1536x1152.jpg 1536w, https:\/\/mouhet.fr\/wp-content\/uploads\/2022\/11\/P1070174-1-2048x1536.jpg 2048w\" sizes=\"auto, (max-width: 1024px) 100vw, 1024px\" \/><figcaption class=\"wp-element-caption\">D\u00e9fil\u00e9 f\u00eate communale<\/figcaption><\/figure>\n\n\n\n<figure class=\"wp-block-image size-large\"><img loading=\"lazy\" decoding=\"async\" width=\"1024\" height=\"768\" data-id=\"1381\" src=\"https:\/\/mouhet.fr\/wp-content\/uploads\/2022\/11\/P1030094-1024x768.jpg\" alt=\"\" class=\"wp-image-1381\" srcset=\"https:\/\/mouhet.fr\/wp-content\/uploads\/2022\/11\/P1030094-1024x768.jpg 1024w, https:\/\/mouhet.fr\/wp-content\/uploads\/2022\/11\/P1030094-300x225.jpg 300w, https:\/\/mouhet.fr\/wp-content\/uploads\/2022\/11\/P1030094-768x576.jpg 768w, https:\/\/mouhet.fr\/wp-content\/uploads\/2022\/11\/P1030094-1536x1152.jpg 1536w, https:\/\/mouhet.fr\/wp-content\/uploads\/2022\/11\/P1030094-2048x1536.jpg 2048w\" sizes=\"auto, (max-width: 1024px) 100vw, 1024px\" \/><figcaption class=\"wp-element-caption\">D\u00e9fil\u00e9 f\u00eate communale<\/figcaption><\/figure>\n<\/figure>\n\n\n\n<figure class=\"wp-block-image size-large\"><img loading=\"lazy\" decoding=\"async\" width=\"1024\" height=\"768\" src=\"https:\/\/mouhet.fr\/wp-content\/uploads\/2022\/11\/P1040487-1024x768.jpg\" alt=\"\" class=\"wp-image-1383\" srcset=\"https:\/\/mouhet.fr\/wp-content\/uploads\/2022\/11\/P1040487-1024x768.jpg 1024w, https:\/\/mouhet.fr\/wp-content\/uploads\/2022\/11\/P1040487-300x225.jpg 300w, https:\/\/mouhet.fr\/wp-content\/uploads\/2022\/11\/P1040487-768x576.jpg 768w, https:\/\/mouhet.fr\/wp-content\/uploads\/2022\/11\/P1040487-1536x1152.jpg 1536w, https:\/\/mouhet.fr\/wp-content\/uploads\/2022\/11\/P1040487-2048x1536.jpg 2048w\" sizes=\"auto, (max-width: 1024px) 100vw, 1024px\" \/><figcaption class=\"wp-element-caption\">Soir\u00e9e d\u00e9guis\u00e9e<\/figcaption><\/figure>\n\n\n\n<figure class=\"wp-block-image size-large\"><img loading=\"lazy\" decoding=\"async\" width=\"1024\" height=\"768\" src=\"https:\/\/mouhet.fr\/wp-content\/uploads\/2022\/11\/P1010084-1024x768.jpg\" alt=\"\" class=\"wp-image-1382\" srcset=\"https:\/\/mouhet.fr\/wp-content\/uploads\/2022\/11\/P1010084-1024x768.jpg 1024w, https:\/\/mouhet.fr\/wp-content\/uploads\/2022\/11\/P1010084-300x225.jpg 300w, https:\/\/mouhet.fr\/wp-content\/uploads\/2022\/11\/P1010084-768x576.jpg 768w, https:\/\/mouhet.fr\/wp-content\/uploads\/2022\/11\/P1010084-1536x1152.jpg 1536w, https:\/\/mouhet.fr\/wp-content\/uploads\/2022\/11\/P1010084-2048x1536.jpg 2048w\" sizes=\"auto, (max-width: 1024px) 100vw, 1024px\" \/><figcaption class=\"wp-element-caption\">Soir\u00e9e d\u00e9guis\u00e9e<\/figcaption><\/figure>\n","protected":false},"excerpt":{"rendered":"<p>Le comit\u00e9 des f\u00eates est l&rsquo;association multiculturel, ouverte \u00e0 tous, de la commune. L&rsquo;ensemble des b\u00e9n\u00e9voles organise chaque ann\u00e9e une multitudes d&rsquo;activit\u00e9s et de soir\u00e9es festives. Chaque premier samedi de chaque mois, ouverture du bar de l&rsquo;Amiti\u00e9. Soir\u00e9e de partage, autour d&rsquo;un verre. Quelque fois organis\u00e9e autour d&rsquo;un th\u00e8me (barbecue, randonn\u00e9e semi-nocturne, soir\u00e9e \u00ab\u00a0foot\u00a0\u00bb, \u00ab\u00a0rugby\u00a0\u00bb, [&hellip;]<\/p>\n","protected":false},"author":4,"featured_media":0,"parent":0,"menu_order":0,"comment_status":"closed","ping_status":"closed","template":"","meta":{"footnotes":""},"class_list":["post-1361","page","type-page","status-publish","hentry"],"_links":{"self":[{"href":"https:\/\/mouhet.fr\/index.php?rest_route=\/wp\/v2\/pages\/1361","targetHints":{"allow":["GET"]}}],"collection":[{"href":"https:\/\/mouhet.fr\/index.php?rest_route=\/wp\/v2\/pages"}],"about":[{"href":"https:\/\/mouhet.fr\/index.php?rest_route=\/wp\/v2\/types\/page"}],"author":[{"embeddable":true,"href":"https:\/\/mouhet.fr\/index.php?rest_route=\/wp\/v2\/users\/4"}],"replies":[{"embeddable":true,"href":"https:\/\/mouhet.fr\/index.php?rest_route=%2Fwp%2Fv2%2Fcomments&post=1361"}],"version-history":[{"count":6,"href":"https:\/\/mouhet.fr\/index.php?rest_route=\/wp\/v2\/pages\/1361\/revisions"}],"predecessor-version":[{"id":2745,"href":"https:\/\/mouhet.fr\/index.php?rest_route=\/wp\/v2\/pages\/1361\/revisions\/2745"}],"wp:attachment":[{"href":"https:\/\/mouhet.fr\/index.php?rest_route=%2Fwp%2Fv2%2Fmedia&parent=1361"}],"curies":[{"name":"wp","href":"https:\/\/api.w.org\/{rel}","templated":true}]}}