{"id":1412,"date":"2022-11-04T22:17:30","date_gmt":"2022-11-04T21:17:30","guid":{"rendered":"https:\/\/www.mouhet.fr\/?page_id=1412"},"modified":"2025-09-23T16:41:02","modified_gmt":"2025-09-23T14:41:02","slug":"extrait-de-naissance","status":"publish","type":"page","link":"https:\/\/mouhet.fr\/?page_id=1412","title":{"rendered":"Naissance"},"content":{"rendered":"\n<p><\/p>\n\n\n\n<p>Pour la naissance d&rsquo;un enfant dont les parents habitent ou r\u00e9sident sur la commune et qui ne sont pas mari\u00e9s, il faut si possible faire une d\u00e9claration avant naissance par les deux parents aupr\u00e8s de la mairie. Pour cela il faut vous munir d&rsquo;un justificatif de domicile et d&rsquo;une copie de la carte d&rsquo;identit\u00e9. Une copie de l&rsquo;acte vous sera alors remis afin de faciliter les d\u00e9marches aupr\u00e8s des maternit\u00e9s.<\/p>\n\n\n\n<div data-wp-interactive=\"core\/file\" class=\"wp-block-file\"><object data-wp-bind--hidden=\"!state.hasPdfPreview\" hidden class=\"wp-block-file__embed\" data=\"https:\/\/mouhet.fr\/wp-content\/uploads\/2022\/11\/formulaire-dremande-d-Etat-Civil-1.pdf\" type=\"application\/pdf\" style=\"width:100%;height:600px\" aria-label=\"Contenu embarqu\u00e9 formulaire-dremande-d-Etat-Civil-1.\"><\/object><a id=\"wp-block-file--media-3371c242-eff7-46f7-b018-aa8b4a38862d\" href=\"https:\/\/mouhet.fr\/wp-content\/uploads\/2022\/11\/formulaire-dremande-d-Etat-Civil-1.pdf\">formulaire-dremande-d-Etat-Civil-1<\/a><a href=\"https:\/\/mouhet.fr\/wp-content\/uploads\/2022\/11\/formulaire-dremande-d-Etat-Civil-1.pdf\" class=\"wp-block-file__button wp-element-button\" download aria-describedby=\"wp-block-file--media-3371c242-eff7-46f7-b018-aa8b4a38862d\">T\u00e9l\u00e9charger<\/a><\/div>\n","protected":false},"excerpt":{"rendered":"<p>Pour la naissance d&rsquo;un enfant dont les parents habitent ou r\u00e9sident sur la commune et qui ne sont pas mari\u00e9s, il faut si possible faire une d\u00e9claration avant naissance par les deux parents aupr\u00e8s de la mairie. Pour cela il faut vous munir d&rsquo;un justificatif de domicile et d&rsquo;une copie de la carte d&rsquo;identit\u00e9. Une [&hellip;]<\/p>\n","protected":false},"author":4,"featured_media":0,"parent":0,"menu_order":0,"comment_status":"closed","ping_status":"closed","template":"","meta":{"footnotes":""},"class_list":["post-1412","page","type-page","status-publish","hentry"],"_links":{"self":[{"href":"https:\/\/mouhet.fr\/index.php?rest_route=\/wp\/v2\/pages\/1412","targetHints":{"allow":["GET"]}}],"collection":[{"href":"https:\/\/mouhet.fr\/index.php?rest_route=\/wp\/v2\/pages"}],"about":[{"href":"https:\/\/mouhet.fr\/index.php?rest_route=\/wp\/v2\/types\/page"}],"author":[{"embeddable":true,"href":"https:\/\/mouhet.fr\/index.php?rest_route=\/wp\/v2\/users\/4"}],"replies":[{"embeddable":true,"href":"https:\/\/mouhet.fr\/index.php?rest_route=%2Fwp%2Fv2%2Fcomments&post=1412"}],"version-history":[{"count":5,"href":"https:\/\/mouhet.fr\/index.php?rest_route=\/wp\/v2\/pages\/1412\/revisions"}],"predecessor-version":[{"id":2738,"href":"https:\/\/mouhet.fr\/index.php?rest_route=\/wp\/v2\/pages\/1412\/revisions\/2738"}],"wp:attachment":[{"href":"https:\/\/mouhet.fr\/index.php?rest_route=%2Fwp%2Fv2%2Fmedia&parent=1412"}],"curies":[{"name":"wp","href":"https:\/\/api.w.org\/{rel}","templated":true}]}}