{"id":1414,"date":"2022-11-04T22:18:34","date_gmt":"2022-11-04T21:18:34","guid":{"rendered":"https:\/\/www.mouhet.fr\/?page_id=1414"},"modified":"2022-11-22T14:06:15","modified_gmt":"2022-11-22T13:06:15","slug":"mariages","status":"publish","type":"page","link":"https:\/\/mouhet.fr\/?page_id=1414","title":{"rendered":"Mariages"},"content":{"rendered":"\n<p>Dans un premier temps il faut prendre rendez-vous avec le maire pour convenir de la date du mariage. Un dossier complet vous sera alors donn\u00e9 avec tous les documents \u00e0 fournir et les d\u00e9lais \u00e0 respecter. <\/p>\n\n\n\n<p>Pour la publication des bancs il faut un minimum de dix jours avant la date pr\u00e9sum\u00e9e du mariage.<\/p>\n","protected":false},"excerpt":{"rendered":"<p>Dans un premier temps il faut prendre rendez-vous avec le maire pour convenir de la date du mariage. Un dossier complet vous sera alors donn\u00e9 avec tous les documents \u00e0 fournir et les d\u00e9lais \u00e0 respecter. Pour la publication des bancs il faut un minimum de dix jours avant la date pr\u00e9sum\u00e9e du mariage.<\/p>\n","protected":false},"author":4,"featured_media":0,"parent":0,"menu_order":0,"comment_status":"closed","ping_status":"closed","template":"","meta":{"footnotes":""},"class_list":["post-1414","page","type-page","status-publish","hentry"],"_links":{"self":[{"href":"https:\/\/mouhet.fr\/index.php?rest_route=\/wp\/v2\/pages\/1414","targetHints":{"allow":["GET"]}}],"collection":[{"href":"https:\/\/mouhet.fr\/index.php?rest_route=\/wp\/v2\/pages"}],"about":[{"href":"https:\/\/mouhet.fr\/index.php?rest_route=\/wp\/v2\/types\/page"}],"author":[{"embeddable":true,"href":"https:\/\/mouhet.fr\/index.php?rest_route=\/wp\/v2\/users\/4"}],"replies":[{"embeddable":true,"href":"https:\/\/mouhet.fr\/index.php?rest_route=%2Fwp%2Fv2%2Fcomments&post=1414"}],"version-history":[{"count":1,"href":"https:\/\/mouhet.fr\/index.php?rest_route=\/wp\/v2\/pages\/1414\/revisions"}],"predecessor-version":[{"id":1415,"href":"https:\/\/mouhet.fr\/index.php?rest_route=\/wp\/v2\/pages\/1414\/revisions\/1415"}],"wp:attachment":[{"href":"https:\/\/mouhet.fr\/index.php?rest_route=%2Fwp%2Fv2%2Fmedia&parent=1414"}],"curies":[{"name":"wp","href":"https:\/\/api.w.org\/{rel}","templated":true}]}}