{"id":1417,"date":"2022-11-04T22:21:50","date_gmt":"2022-11-04T21:21:50","guid":{"rendered":"https:\/\/www.mouhet.fr\/?page_id=1417"},"modified":"2022-11-22T14:06:58","modified_gmt":"2022-11-22T13:06:58","slug":"permis-de-construire","status":"publish","type":"page","link":"https:\/\/mouhet.fr\/?page_id=1417","title":{"rendered":"Permis de construire"},"content":{"rendered":"\n<p>Pour toute demande de permis de construire, de certificat d&rsquo;urbanisme, elles sont faites directement soit par le propri\u00e9taire, soit par &nbsp;l&rsquo;entrepreneur qui construit la maison soit par le notaire ou agence immobili\u00e8re s&rsquo;il s&rsquo;agit d&rsquo;une vente. Pour tout renseignement compl\u00e9mentaire n&rsquo;h\u00e9sitez pas \u00e0 demander aupr\u00e8s de la mairie.<\/p>\n\n\n\n<p>Vous pouvez retrouver les d\u00e9marches et formulaire \u00e0 compl\u00e9ter sur le lien suivant <a rel=\"noreferrer noopener\" href=\"https:\/\/www.service-public.fr\/particuliers\/vosdroits\/N319\" target=\"_blank\">ICI<\/a><\/p>\n","protected":false},"excerpt":{"rendered":"<p>Pour toute demande de permis de construire, de certificat d&rsquo;urbanisme, elles sont faites directement soit par le propri\u00e9taire, soit par &nbsp;l&rsquo;entrepreneur qui construit la maison soit par le notaire ou agence immobili\u00e8re s&rsquo;il s&rsquo;agit d&rsquo;une vente. Pour tout renseignement compl\u00e9mentaire n&rsquo;h\u00e9sitez pas \u00e0 demander aupr\u00e8s de la mairie. Vous pouvez retrouver les d\u00e9marches et formulaire [&hellip;]<\/p>\n","protected":false},"author":4,"featured_media":0,"parent":0,"menu_order":0,"comment_status":"closed","ping_status":"closed","template":"","meta":{"footnotes":""},"class_list":["post-1417","page","type-page","status-publish","hentry"],"_links":{"self":[{"href":"https:\/\/mouhet.fr\/index.php?rest_route=\/wp\/v2\/pages\/1417","targetHints":{"allow":["GET"]}}],"collection":[{"href":"https:\/\/mouhet.fr\/index.php?rest_route=\/wp\/v2\/pages"}],"about":[{"href":"https:\/\/mouhet.fr\/index.php?rest_route=\/wp\/v2\/types\/page"}],"author":[{"embeddable":true,"href":"https:\/\/mouhet.fr\/index.php?rest_route=\/wp\/v2\/users\/4"}],"replies":[{"embeddable":true,"href":"https:\/\/mouhet.fr\/index.php?rest_route=%2Fwp%2Fv2%2Fcomments&post=1417"}],"version-history":[{"count":1,"href":"https:\/\/mouhet.fr\/index.php?rest_route=\/wp\/v2\/pages\/1417\/revisions"}],"predecessor-version":[{"id":1418,"href":"https:\/\/mouhet.fr\/index.php?rest_route=\/wp\/v2\/pages\/1417\/revisions\/1418"}],"wp:attachment":[{"href":"https:\/\/mouhet.fr\/index.php?rest_route=%2Fwp%2Fv2%2Fmedia&parent=1417"}],"curies":[{"name":"wp","href":"https:\/\/api.w.org\/{rel}","templated":true}]}}